{"id":1189,"date":"2025-12-09T08:49:29","date_gmt":"2025-12-09T07:49:29","guid":{"rendered":"https:\/\/upsetefjellstove.no\/?page_id=1189"},"modified":"2026-04-10T10:12:30","modified_gmt":"2026-04-10T08:12:30","slug":"aktivitetskalender","status":"publish","type":"page","link":"https:\/\/upsetefjellstove.no\/en\/aktivitetskalender\/","title":{"rendered":"Activity calendar"},"content":{"rendered":"<div data-elementor-type=\"wp-page\" data-elementor-id=\"1189\" class=\"elementor elementor-1189\" data-elementor-post-type=\"page\">\n\t\t\t\t<div class=\"elementor-element elementor-element-84cc51d e-flex e-con-boxed e-con e-parent\" data-id=\"84cc51d\" data-element_type=\"container\" data-e-type=\"container\">\n\t\t\t\t\t<div class=\"e-con-inner\">\n\t\t<div class=\"elementor-element elementor-element-0662b28 e-con-full e-flex e-con e-child\" data-id=\"0662b28\" data-element_type=\"container\" data-e-type=\"container\">\n\t\t\t\t<div class=\"elementor-element elementor-element-f9d23ef elementor-widget elementor-widget-heading\" data-id=\"f9d23ef\" data-element_type=\"widget\" data-e-type=\"widget\" data-widget_type=\"heading.default\">\n\t\t\t\t\t<h2 class=\"elementor-heading-title elementor-size-default\">Overview of activities<\/h2>\t\t\t\t<\/div>\n\t\t\t\t<div class=\"elementor-element elementor-element-219ff18b elementor-icon-list--layout-traditional elementor-list-item-link-full_width elementor-widget elementor-widget-icon-list\" data-id=\"219ff18b\" data-element_type=\"widget\" data-e-type=\"widget\" data-widget_type=\"icon-list.default\">\n\t\t\t\t\t\t\t<ul class=\"elementor-icon-list-items\">\n\t\t\t\t\t\t\t<li class=\"elementor-icon-list-item\">\n\t\t\t\t\t\t\t\t\t\t\t<a href=\"https:\/\/upsetefjellstove.no\/wp-content\/uploads\/2025\/12\/Mal-kjentmansturer-januar-17-Oykjafonn.pdf\" target=\"_blank\">\n\n\t\t\t\t\t\t\t\t\t\t\t\t<span class=\"elementor-icon-list-icon\">\n\t\t\t\t\t\t\t<svg aria-hidden=\"true\" class=\"e-font-icon-svg e-fas-skiing\" viewbox=\"0 0 512 512\" xmlns=\"http:\/\/www.w3.org\/2000\/svg\"><path d=\"M432 96c26.5 0 48-21.5 48-48S458.5 0 432 0s-48 21.5-48 48 21.5 48 48 48zm73 356.1c-9.4-9.4-24.6-9.4-33.9 0-12.1 12.1-30.5 15.4-45.1 8.7l-135.8-70.2 49.2-73.8c12.7-19 10.2-44.5-6-60.6L293 215.7l-107-53.1c-2.9 19.9 3.4 40 17.7 54.4l75.1 75.2-45.9 68.8L35 258.7c-11.7-6-26.2-1.5-32.3 10.3-6.1 11.8-1.5 26.3 10.3 32.3l391.9 202.5c11.9 5.5 24.5 8.1 37.1 8.1 23.2 0 46-9 63-26 9.3-9.3 9.3-24.5 0-33.8zM120 91.6l-11.5 22.5c14.4 7.3 31.2 4.9 42.8-4.8l47.2 23.4c-.1.1-.1.2-.2.3l114.5 56.8 32.4-13 6.4 19.1c4 12.1 12.6 22 24 27.7l58.1 29c15.9 7.9 35 1.5 42.9-14.3 7.9-15.8 1.5-35-14.3-42.9l-52.1-26.1-17.1-51.2c-8.1-24.2-40.9-56.6-84.5-39.2l-81.2 32.5-62.5-31c.3-14.5-7.2-28.6-20.9-35.6l-11.1 21.7h-.2l-34.4-7c-1.8-.4-3.7.2-5 1.7-1.9 2.2-1.7 5.5.5 7.4l26.2 23z\"><\/path><\/svg>\t\t\t\t\t\t<\/span>\n\t\t\t\t\t\t\t\t\t\t<span class=\"elementor-icon-list-text\">Jan 17 - Kjentmanstur \u00d8ykjafonn<\/span>\n\t\t\t\t\t\t\t\t\t\t\t<\/a>\n\t\t\t\t\t\t\t\t\t<\/li>\n\t\t\t\t\t\t\t\t<li class=\"elementor-icon-list-item\">\n\t\t\t\t\t\t\t\t\t\t\t<a href=\"https:\/\/aktiviteter.dnt.no\/register\/skredkurs-nf-grunnkurs-skred-alpint-571886\" target=\"_blank\">\n\n\t\t\t\t\t\t\t\t\t\t\t\t<span class=\"elementor-icon-list-icon\">\n\t\t\t\t\t\t\t<svg aria-hidden=\"true\" class=\"e-font-icon-svg e-fas-snowflake\" viewbox=\"0 0 448 512\" xmlns=\"http:\/\/www.w3.org\/2000\/svg\"><path d=\"M440.3 345.2l-33.8-19.5 26-7c8.2-2.2 13.1-10.7 10.9-18.9l-4-14.9c-2.2-8.2-10.7-13.1-18.9-10.9l-70.8 19-63.9-37 63.8-36.9 70.8 19c8.2 2.2 16.7-2.7 18.9-10.9l4-14.9c2.2-8.2-2.7-16.7-10.9-18.9l-26-7 33.8-19.5c7.4-4.3 9.9-13.7 5.7-21.1L430.4 119c-4.3-7.4-13.7-9.9-21.1-5.7l-33.8 19.5 7-26c2.2-8.2-2.7-16.7-10.9-18.9l-14.9-4c-8.2-2.2-16.7 2.7-18.9 10.9l-19 70.8-62.8 36.2v-77.5l53.7-53.7c6.2-6.2 6.2-16.4 0-22.6l-11.3-11.3c-6.2-6.2-16.4-6.2-22.6 0L256 56.4V16c0-8.8-7.2-16-16-16h-32c-8.8 0-16 7.2-16 16v40.4l-19.7-19.7c-6.2-6.2-16.4-6.2-22.6 0L138.3 48c-6.3 6.2-6.3 16.4 0 22.6l53.7 53.7v77.5l-62.8-36.2-19-70.8c-2.2-8.2-10.7-13.1-18.9-10.9l-14.9 4c-8.2 2.2-13.1 10.7-10.9 18.9l7 26-33.8-19.5c-7.4-4.3-16.8-1.7-21.1 5.7L2.1 145.7c-4.3 7.4-1.7 16.8 5.7 21.1l33.8 19.5-26 7c-8.3 2.2-13.2 10.7-11 19l4 14.9c2.2 8.2 10.7 13.1 18.9 10.9l70.8-19 63.8 36.9-63.8 36.9-70.8-19c-8.2-2.2-16.7 2.7-18.9 10.9l-4 14.9c-2.2 8.2 2.7 16.7 10.9 18.9l26 7-33.8 19.6c-7.4 4.3-9.9 13.7-5.7 21.1l15.5 26.8c4.3 7.4 13.7 9.9 21.1 5.7l33.8-19.5-7 26c-2.2 8.2 2.7 16.7 10.9 18.9l14.9 4c8.2 2.2 16.7-2.7 18.9-10.9l19-70.8 62.8-36.2v77.5l-53.7 53.7c-6.3 6.2-6.3 16.4 0 22.6l11.3 11.3c6.2 6.2 16.4 6.2 22.6 0l19.7-19.7V496c0 8.8 7.2 16 16 16h32c8.8 0 16-7.2 16-16v-40.4l19.7 19.7c6.2 6.2 16.4 6.2 22.6 0l11.3-11.3c6.2-6.2 6.2-16.4 0-22.6L256 387.7v-77.5l62.8 36.2 19 70.8c2.2 8.2 10.7 13.1 18.9 10.9l14.9-4c8.2-2.2 13.1-10.7 10.9-18.9l-7-26 33.8 19.5c7.4 4.3 16.8 1.7 21.1-5.7l15.5-26.8c4.3-7.3 1.8-16.8-5.6-21z\"><\/path><\/svg>\t\t\t\t\t\t<\/span>\n\t\t\t\t\t\t\t\t\t\t<span class=\"elementor-icon-list-text\">23. jan - 25. jan - DNT - avalanche course<\/span>\n\t\t\t\t\t\t\t\t\t\t\t<\/a>\n\t\t\t\t\t\t\t\t\t<\/li>\n\t\t\t\t\t\t\t\t<li class=\"elementor-icon-list-item\">\n\t\t\t\t\t\t\t\t\t\t\t<a href=\"https:\/\/aktiviteter.dnt.no\/register\/skredkurs-nf-videregaende-skred-alpint-571901#\/571901\/queue\" target=\"_blank\">\n\n\t\t\t\t\t\t\t\t\t\t\t\t<span class=\"elementor-icon-list-icon\">\n\t\t\t\t\t\t\t<svg aria-hidden=\"true\" class=\"e-font-icon-svg e-far-snowflake\" viewbox=\"0 0 448 512\" xmlns=\"http:\/\/www.w3.org\/2000\/svg\"><path d=\"M440.1 355.2l-39.2-23 34.1-9.3c8.4-2.3 13.4-11.1 11.1-19.6l-4.1-15.5c-2.2-8.5-10.9-13.6-19.3-11.3L343 298.2 271.2 256l71.9-42.2 79.7 21.7c8.4 2.3 17-2.8 19.3-11.3l4.1-15.5c2.2-8.5-2.7-17.3-11.1-19.6l-34.1-9.3 39.2-23c7.5-4.4 10.1-14.2 5.8-21.9l-7.9-13.9c-4.3-7.7-14-10.3-21.5-5.9l-39.2 23 9.1-34.7c2.2-8.5-2.7-17.3-11.1-19.6l-15.2-4.1c-8.4-2.3-17 2.8-19.3 11.3l-21.3 81-71.9 42.2v-84.5L306 70.4c6.1-6.2 6.1-16.4 0-22.6l-11.1-11.3c-6.1-6.2-16.1-6.2-22.2 0l-24.9 25.4V16c0-8.8-7-16-15.7-16h-15.7c-8.7 0-15.7 7.2-15.7 16v46.1l-24.9-25.4c-6.1-6.2-16.1-6.2-22.2 0L142.1 48c-6.1 6.2-6.1 16.4 0 22.6l58.3 59.3v84.5l-71.9-42.2-21.3-81c-2.2-8.5-10.9-13.6-19.3-11.3L72.7 84c-8.4 2.3-13.4 11.1-11.1 19.6l9.1 34.7-39.2-23c-7.5-4.4-17.1-1.8-21.5 5.9l-7.9 13.9c-4.3 7.7-1.8 17.4 5.8 21.9l39.2 23-34.1 9.1c-8.4 2.3-13.4 11.1-11.1 19.6L6 224.2c2.2 8.5 10.9 13.6 19.3 11.3l79.7-21.7 71.9 42.2-71.9 42.2-79.7-21.7c-8.4-2.3-17 2.8-19.3 11.3l-4.1 15.5c-2.2 8.5 2.7 17.3 11.1 19.6l34.1 9.3-39.2 23c-7.5 4.4-10.1 14.2-5.8 21.9L10 391c4.3 7.7 14 10.3 21.5 5.9l39.2-23-9.1 34.7c-2.2 8.5 2.7 17.3 11.1 19.6l15.2 4.1c8.4 2.3 17-2.8 19.3-11.3l21.3-81 71.9-42.2v84.5l-58.3 59.3c-6.1 6.2-6.1 16.4 0 22.6l11.1 11.3c6.1 6.2 16.1 6.2 22.2 0l24.9-25.4V496c0 8.8 7 16 15.7 16h15.7c8.7 0 15.7-7.2 15.7-16v-46.1l24.9 25.4c6.1 6.2 16.1 6.2 22.2 0l11.1-11.3c6.1-6.2 6.1-16.4 0-22.6l-58.3-59.3v-84.5l71.9 42.2 21.3 81c2.2 8.5 10.9 13.6 19.3 11.3L375 428c8.4-2.3 13.4-11.1 11.1-19.6l-9.1-34.7 39.2 23c7.5 4.4 17.1 1.8 21.5-5.9l7.9-13.9c4.6-7.5 2.1-17.3-5.5-21.7z\"><\/path><\/svg>\t\t\t\t\t\t<\/span>\n\t\t\t\t\t\t\t\t\t\t<span class=\"elementor-icon-list-text\">Feb 13 - Feb 15 - DNT - avalanche course <\/span>\n\t\t\t\t\t\t\t\t\t\t\t<\/a>\n\t\t\t\t\t\t\t\t\t<\/li>\n\t\t\t\t\t\t\t\t<li class=\"elementor-icon-list-item\">\n\t\t\t\t\t\t\t\t\t\t\t<a href=\"https:\/\/upsetefjellstove.no\/wp-content\/uploads\/2026\/03\/Kjentmannstur-8-mars.pdf\" target=\"_blank\">\n\n\t\t\t\t\t\t\t\t\t\t\t\t<span class=\"elementor-icon-list-icon\">\n\t\t\t\t\t\t\t<svg aria-hidden=\"true\" class=\"e-font-icon-svg e-fas-skiing-nordic\" viewbox=\"0 0 576 512\" xmlns=\"http:\/\/www.w3.org\/2000\/svg\"><path d=\"M336 96c26.5 0 48-21.5 48-48S362.5 0 336 0s-48 21.5-48 48 21.5 48 48 48zm216 320c-13.2 0-24 10.7-24 24 0 13.2-10.8 24-24 24h-69.5L460 285.6c11.7-4.7 20.1-16.2 20.1-29.6 0-17.7-14.3-32-32-32h-44L378 170.8c-12.5-25.5-35.5-44.2-61.8-50.9L245 98.7c-28.3-6.8-57.8-.5-80.8 17.1l-39.7 30.4c-14 10.7-16.7 30.8-5.9 44.9.7.9 1.7 1.3 2.4 2.1L66.9 464H24c-13.2 0-24 10.7-24 24s10.8 24 24 24h480c39.7 0 72-32.3 72-72 0-13.2-10.8-24-24-24zm-260.5 48h-96.9l43.1-91-22-13c-12.1-7.2-21.9-16.9-29.5-27.8L123.7 464H99.5l52.3-261.4c4.1-1 8.1-2.9 11.7-5.6l39.7-30.4c7.7-5.9 17.4-8 25.3-6.1l14.7 4.4-37.5 87.4c-12.6 29.5-1.3 64 26.3 80.3l85 50.2-25.5 81.2zm110.6 0h-43.6l23.6-75.5c5.9-20.8-2.9-43.1-21.6-54.4L299.3 298l31.3-78.3 20.3 41.4c8 16.3 24.9 26.9 43.1 26.9h33.3l-25.2 176z\"><\/path><\/svg>\t\t\t\t\t\t<\/span>\n\t\t\t\t\t\t\t\t\t\t<span class=\"elementor-icon-list-text\">March 8 - Kjentmanstur to \u00d8ykjafonn, registration <\/span>\n\t\t\t\t\t\t\t\t\t\t\t<\/a>\n\t\t\t\t\t\t\t\t\t<\/li>\n\t\t\t\t\t\t\t\t<li class=\"elementor-icon-list-item\">\n\t\t\t\t\t\t\t\t\t\t\t<a href=\"https:\/\/upsetefjellstove.no\/wp-content\/uploads\/2026\/03\/Kurs-og-kjentmanstur-Upsete.pdf\" target=\"_blank\">\n\n\t\t\t\t\t\t\t\t\t\t\t\t<span class=\"elementor-icon-list-icon\">\n\t\t\t\t\t\t\t<svg aria-hidden=\"true\" class=\"e-font-icon-svg e-fas-skiing\" viewbox=\"0 0 512 512\" xmlns=\"http:\/\/www.w3.org\/2000\/svg\"><path d=\"M432 96c26.5 0 48-21.5 48-48S458.5 0 432 0s-48 21.5-48 48 21.5 48 48 48zm73 356.1c-9.4-9.4-24.6-9.4-33.9 0-12.1 12.1-30.5 15.4-45.1 8.7l-135.8-70.2 49.2-73.8c12.7-19 10.2-44.5-6-60.6L293 215.7l-107-53.1c-2.9 19.9 3.4 40 17.7 54.4l75.1 75.2-45.9 68.8L35 258.7c-11.7-6-26.2-1.5-32.3 10.3-6.1 11.8-1.5 26.3 10.3 32.3l391.9 202.5c11.9 5.5 24.5 8.1 37.1 8.1 23.2 0 46-9 63-26 9.3-9.3 9.3-24.5 0-33.8zM120 91.6l-11.5 22.5c14.4 7.3 31.2 4.9 42.8-4.8l47.2 23.4c-.1.1-.1.2-.2.3l114.5 56.8 32.4-13 6.4 19.1c4 12.1 12.6 22 24 27.7l58.1 29c15.9 7.9 35 1.5 42.9-14.3 7.9-15.8 1.5-35-14.3-42.9l-52.1-26.1-17.1-51.2c-8.1-24.2-40.9-56.6-84.5-39.2l-81.2 32.5-62.5-31c.3-14.5-7.2-28.6-20.9-35.6l-11.1 21.7h-.2l-34.4-7c-1.8-.4-3.7.2-5 1.7-1.9 2.2-1.7 5.5.5 7.4l26.2 23z\"><\/path><\/svg>\t\t\t\t\t\t<\/span>\n\t\t\t\t\t\t\t\t\t\t<span class=\"elementor-icon-list-text\">March 13 - Summit course (Friday and Saturday) , registration <\/span>\n\t\t\t\t\t\t\t\t\t\t\t<\/a>\n\t\t\t\t\t\t\t\t\t<\/li>\n\t\t\t\t\t\t\t\t<li class=\"elementor-icon-list-item\">\n\t\t\t\t\t\t\t\t\t\t\t<a href=\"https:\/\/upsetefjellstove.no\/wp-content\/uploads\/2026\/03\/Kurs-og-kjentmanstur-Upsete.pdf\" target=\"_blank\">\n\n\t\t\t\t\t\t\t\t\t\t\t\t<span class=\"elementor-icon-list-icon\">\n\t\t\t\t\t\t\t<svg aria-hidden=\"true\" class=\"e-font-icon-svg e-fas-skiing\" viewbox=\"0 0 512 512\" xmlns=\"http:\/\/www.w3.org\/2000\/svg\"><path d=\"M432 96c26.5 0 48-21.5 48-48S458.5 0 432 0s-48 21.5-48 48 21.5 48 48 48zm73 356.1c-9.4-9.4-24.6-9.4-33.9 0-12.1 12.1-30.5 15.4-45.1 8.7l-135.8-70.2 49.2-73.8c12.7-19 10.2-44.5-6-60.6L293 215.7l-107-53.1c-2.9 19.9 3.4 40 17.7 54.4l75.1 75.2-45.9 68.8L35 258.7c-11.7-6-26.2-1.5-32.3 10.3-6.1 11.8-1.5 26.3 10.3 32.3l391.9 202.5c11.9 5.5 24.5 8.1 37.1 8.1 23.2 0 46-9 63-26 9.3-9.3 9.3-24.5 0-33.8zM120 91.6l-11.5 22.5c14.4 7.3 31.2 4.9 42.8-4.8l47.2 23.4c-.1.1-.1.2-.2.3l114.5 56.8 32.4-13 6.4 19.1c4 12.1 12.6 22 24 27.7l58.1 29c15.9 7.9 35 1.5 42.9-14.3 7.9-15.8 1.5-35-14.3-42.9l-52.1-26.1-17.1-51.2c-8.1-24.2-40.9-56.6-84.5-39.2l-81.2 32.5-62.5-31c.3-14.5-7.2-28.6-20.9-35.6l-11.1 21.7h-.2l-34.4-7c-1.8-.4-3.7.2-5 1.7-1.9 2.2-1.7 5.5.5 7.4l26.2 23z\"><\/path><\/svg>\t\t\t\t\t\t<\/span>\n\t\t\t\t\t\t\t\t\t\t<span class=\"elementor-icon-list-text\">March 14 -Kjentman trip to Bleienuten, registration <\/span>\n\t\t\t\t\t\t\t\t\t\t\t<\/a>\n\t\t\t\t\t\t\t\t\t<\/li>\n\t\t\t\t\t\t\t\t<li class=\"elementor-icon-list-item\">\n\t\t\t\t\t\t\t\t\t\t\t<a href=\"https:\/\/www.facebook.com\/events\/1223288496395709\" target=\"_blank\">\n\n\t\t\t\t\t\t\t\t\t\t\t\t<span class=\"elementor-icon-list-icon\">\n\t\t\t\t\t\t\t<svg aria-hidden=\"true\" class=\"e-font-icon-svg e-fas-skiing-nordic\" viewbox=\"0 0 576 512\" xmlns=\"http:\/\/www.w3.org\/2000\/svg\"><path d=\"M336 96c26.5 0 48-21.5 48-48S362.5 0 336 0s-48 21.5-48 48 21.5 48 48 48zm216 320c-13.2 0-24 10.7-24 24 0 13.2-10.8 24-24 24h-69.5L460 285.6c11.7-4.7 20.1-16.2 20.1-29.6 0-17.7-14.3-32-32-32h-44L378 170.8c-12.5-25.5-35.5-44.2-61.8-50.9L245 98.7c-28.3-6.8-57.8-.5-80.8 17.1l-39.7 30.4c-14 10.7-16.7 30.8-5.9 44.9.7.9 1.7 1.3 2.4 2.1L66.9 464H24c-13.2 0-24 10.7-24 24s10.8 24 24 24h480c39.7 0 72-32.3 72-72 0-13.2-10.8-24-24-24zm-260.5 48h-96.9l43.1-91-22-13c-12.1-7.2-21.9-16.9-29.5-27.8L123.7 464H99.5l52.3-261.4c4.1-1 8.1-2.9 11.7-5.6l39.7-30.4c7.7-5.9 17.4-8 25.3-6.1l14.7 4.4-37.5 87.4c-12.6 29.5-1.3 64 26.3 80.3l85 50.2-25.5 81.2zm110.6 0h-43.6l23.6-75.5c5.9-20.8-2.9-43.1-21.6-54.4L299.3 298l31.3-78.3 20.3 41.4c8 16.3 24.9 26.9 43.1 26.9h33.3l-25.2 176z\"><\/path><\/svg>\t\t\t\t\t\t<\/span>\n\t\t\t\t\t\t\t\t\t\t<span class=\"elementor-icon-list-text\">March 28 - Raundalsrennet, Mj\u00f8lfjell Skilag<\/span>\n\t\t\t\t\t\t\t\t\t\t\t<\/a>\n\t\t\t\t\t\t\t\t\t<\/li>\n\t\t\t\t\t\t\t\t<li class=\"elementor-icon-list-item\">\n\t\t\t\t\t\t\t\t\t\t\t<a href=\"https:\/\/upsetefjellstove.no\/wp-content\/uploads\/2026\/04\/Kjentmanstur-Oykjafonn-lordag-11.april_.pdf\" target=\"_blank\">\n\n\t\t\t\t\t\t\t\t\t\t\t\t<span class=\"elementor-icon-list-icon\">\n\t\t\t\t\t\t\t<svg aria-hidden=\"true\" class=\"e-font-icon-svg e-fas-skiing-nordic\" viewbox=\"0 0 576 512\" xmlns=\"http:\/\/www.w3.org\/2000\/svg\"><path d=\"M336 96c26.5 0 48-21.5 48-48S362.5 0 336 0s-48 21.5-48 48 21.5 48 48 48zm216 320c-13.2 0-24 10.7-24 24 0 13.2-10.8 24-24 24h-69.5L460 285.6c11.7-4.7 20.1-16.2 20.1-29.6 0-17.7-14.3-32-32-32h-44L378 170.8c-12.5-25.5-35.5-44.2-61.8-50.9L245 98.7c-28.3-6.8-57.8-.5-80.8 17.1l-39.7 30.4c-14 10.7-16.7 30.8-5.9 44.9.7.9 1.7 1.3 2.4 2.1L66.9 464H24c-13.2 0-24 10.7-24 24s10.8 24 24 24h480c39.7 0 72-32.3 72-72 0-13.2-10.8-24-24-24zm-260.5 48h-96.9l43.1-91-22-13c-12.1-7.2-21.9-16.9-29.5-27.8L123.7 464H99.5l52.3-261.4c4.1-1 8.1-2.9 11.7-5.6l39.7-30.4c7.7-5.9 17.4-8 25.3-6.1l14.7 4.4-37.5 87.4c-12.6 29.5-1.3 64 26.3 80.3l85 50.2-25.5 81.2zm110.6 0h-43.6l23.6-75.5c5.9-20.8-2.9-43.1-21.6-54.4L299.3 298l31.3-78.3 20.3 41.4c8 16.3 24.9 26.9 43.1 26.9h33.3l-25.2 176z\"><\/path><\/svg>\t\t\t\t\t\t<\/span>\n\t\t\t\t\t\t\t\t\t\t<span class=\"elementor-icon-list-text\">April 11 - Familiarization trip to \u00d8ykjafonn, registration <\/span>\n\t\t\t\t\t\t\t\t\t\t\t<\/a>\n\t\t\t\t\t\t\t\t\t<\/li>\n\t\t\t\t\t\t\t\t<li class=\"elementor-icon-list-item\">\n\t\t\t\t\t\t\t\t\t\t\t<a href=\"https:\/\/upsetefjellstove.no\/wp-content\/uploads\/2026\/04\/Kjentmannstur-Hallingskeid-Upsete-1.mai_.pdf\" target=\"_blank\">\n\n\t\t\t\t\t\t\t\t\t\t\t\t<span class=\"elementor-icon-list-icon\">\n\t\t\t\t\t\t\t<svg aria-hidden=\"true\" class=\"e-font-icon-svg e-fas-skiing-nordic\" viewbox=\"0 0 576 512\" xmlns=\"http:\/\/www.w3.org\/2000\/svg\"><path d=\"M336 96c26.5 0 48-21.5 48-48S362.5 0 336 0s-48 21.5-48 48 21.5 48 48 48zm216 320c-13.2 0-24 10.7-24 24 0 13.2-10.8 24-24 24h-69.5L460 285.6c11.7-4.7 20.1-16.2 20.1-29.6 0-17.7-14.3-32-32-32h-44L378 170.8c-12.5-25.5-35.5-44.2-61.8-50.9L245 98.7c-28.3-6.8-57.8-.5-80.8 17.1l-39.7 30.4c-14 10.7-16.7 30.8-5.9 44.9.7.9 1.7 1.3 2.4 2.1L66.9 464H24c-13.2 0-24 10.7-24 24s10.8 24 24 24h480c39.7 0 72-32.3 72-72 0-13.2-10.8-24-24-24zm-260.5 48h-96.9l43.1-91-22-13c-12.1-7.2-21.9-16.9-29.5-27.8L123.7 464H99.5l52.3-261.4c4.1-1 8.1-2.9 11.7-5.6l39.7-30.4c7.7-5.9 17.4-8 25.3-6.1l14.7 4.4-37.5 87.4c-12.6 29.5-1.3 64 26.3 80.3l85 50.2-25.5 81.2zm110.6 0h-43.6l23.6-75.5c5.9-20.8-2.9-43.1-21.6-54.4L299.3 298l31.3-78.3 20.3 41.4c8 16.3 24.9 26.9 43.1 26.9h33.3l-25.2 176z\"><\/path><\/svg>\t\t\t\t\t\t<\/span>\n\t\t\t\t\t\t\t\t\t\t<span class=\"elementor-icon-list-text\">May 1st - Guided tour Hallingskeid - Upsete, registration <\/span>\n\t\t\t\t\t\t\t\t\t\t\t<\/a>\n\t\t\t\t\t\t\t\t\t<\/li>\n\t\t\t\t\t\t<\/ul>\n\t\t\t\t\t\t<\/div>\n\t\t\t\t<\/div>\n\t\t<div class=\"elementor-element elementor-element-c6e3f0c e-con-full e-flex e-con e-child\" data-id=\"c6e3f0c\" data-element_type=\"container\" data-e-type=\"container\" data-settings=\"{&quot;background_background&quot;:&quot;classic&quot;}\">\n\t\t\t\t<\/div>\n\t\t\t\t\t<\/div>\n\t\t\t\t<\/div>\n\t\t\t\t<\/div>","protected":false},"excerpt":{"rendered":"<p>Oversikt over aktiviteter 17. jan &#8211; Kjentmanstur \u00d8ykjafonn 23. jan &#8211; 25. jan &#8211; DNT &#8211; skredkurs 13. feb &#8211; 15. feb &#8211; DNT &#8211; skredkurs 8. mars &#8211; Kjentmanstur til \u00d8ykjafonn, p\u00e5melding 13. mars &#8211; Topptur kurs (fredag og L\u00f8rdag) , p\u00e5melding 14. mars -Kjentmanstur til Bleienuten, p\u00e5melding 28. mars &#8211; Raundalsrennet, Mj\u00f8lfjell Skilag [&hellip;]<\/p>\n","protected":false},"author":1,"featured_media":0,"parent":0,"menu_order":0,"comment_status":"closed","ping_status":"closed","template":"","meta":{"footnotes":""},"class_list":["post-1189","page","type-page","status-publish","hentry"],"_links":{"self":[{"href":"https:\/\/upsetefjellstove.no\/en\/wp-json\/wp\/v2\/pages\/1189","targetHints":{"allow":["GET"]}}],"collection":[{"href":"https:\/\/upsetefjellstove.no\/en\/wp-json\/wp\/v2\/pages"}],"about":[{"href":"https:\/\/upsetefjellstove.no\/en\/wp-json\/wp\/v2\/types\/page"}],"author":[{"embeddable":true,"href":"https:\/\/upsetefjellstove.no\/en\/wp-json\/wp\/v2\/users\/1"}],"replies":[{"embeddable":true,"href":"https:\/\/upsetefjellstove.no\/en\/wp-json\/wp\/v2\/comments?post=1189"}],"version-history":[{"count":35,"href":"https:\/\/upsetefjellstove.no\/en\/wp-json\/wp\/v2\/pages\/1189\/revisions"}],"predecessor-version":[{"id":1352,"href":"https:\/\/upsetefjellstove.no\/en\/wp-json\/wp\/v2\/pages\/1189\/revisions\/1352"}],"wp:attachment":[{"href":"https:\/\/upsetefjellstove.no\/en\/wp-json\/wp\/v2\/media?parent=1189"}],"curies":[{"name":"wp","href":"https:\/\/api.w.org\/{rel}","templated":true}]}}