{"id":227,"date":"2025-11-13T13:34:32","date_gmt":"2025-11-13T13:34:32","guid":{"rendered":"https:\/\/upsetefjellstove.no\/?page_id=227"},"modified":"2025-11-18T09:00:49","modified_gmt":"2025-11-18T09:00:49","slug":"overnatting-mat-priser","status":"publish","type":"page","link":"https:\/\/upsetefjellstove.no\/en\/overnatting-mat-priser\/","title":{"rendered":"Accommodation and food service\u00a0"},"content":{"rendered":"<div data-elementor-type=\"wp-page\" data-elementor-id=\"227\" class=\"elementor elementor-227\" data-elementor-post-type=\"page\">\n\t\t\t\t<div class=\"elementor-element elementor-element-e908786 e-flex e-con-boxed e-con e-parent\" data-id=\"e908786\" data-element_type=\"container\" data-e-type=\"container\">\n\t\t\t\t\t<div class=\"e-con-inner\">\n\t\t<div class=\"elementor-element elementor-element-99d108d e-con-full e-flex e-con e-child\" data-id=\"99d108d\" data-element_type=\"container\" data-e-type=\"container\">\n\t\t\t\t<div class=\"elementor-element elementor-element-69d7098 elementor-widget elementor-widget-heading\" data-id=\"69d7098\" data-element_type=\"widget\" data-e-type=\"widget\" data-widget_type=\"heading.default\">\n\t\t\t\t\t<h2 class=\"elementor-heading-title elementor-size-default\">Traditional accommodation and food<\/h2>\t\t\t\t<\/div>\n\t\t\t\t<div class=\"elementor-element elementor-element-f784df5 elementor-widget elementor-widget-text-editor\" data-id=\"f784df5\" data-element_type=\"widget\" data-e-type=\"widget\" data-widget_type=\"text-editor.default\">\n\t\t\t\t\t\t\t\t\t<p>We can offer accommodation in a traditional Fjellstove from 1938 that has retained the old style from the 1950s and 1970s.  Upsete Fjellstove has a homely atmosphere. There are 35 beds in single rooms, two bedded rooms and 3 bedded rooms. We have cots that can be placed in some rooms. There are no bunk beds There is hot and cold water in the rooms and 2 showers and 1 sauna<\/p><p>We serve a traditional Norwegian breakfast with packed lunch and dinner in the evening. We serve beer and wine. Here is a small kiosk.<\/p>\t\t\t\t\t\t\t\t<\/div>\n\t\t\t\t<\/div>\n\t\t<div class=\"elementor-element elementor-element-48bfffa e-con-full e-flex e-con e-child\" data-id=\"48bfffa\" data-element_type=\"container\" data-e-type=\"container\" data-settings=\"{&quot;background_background&quot;:&quot;classic&quot;}\">\n\t\t\t\t<\/div>\n\t\t\t\t\t<\/div>\n\t\t\t\t<\/div>\n\t\t<div class=\"elementor-element elementor-element-fb6247b e-flex e-con-boxed e-con e-parent\" data-id=\"fb6247b\" data-element_type=\"container\" data-e-type=\"container\" id=\"priser\">\n\t\t\t\t\t<div class=\"e-con-inner\">\n\t\t\t\t<div class=\"elementor-element elementor-element-0461ce3 elementor-widget elementor-widget-heading\" data-id=\"0461ce3\" data-element_type=\"widget\" data-e-type=\"widget\" data-widget_type=\"heading.default\">\n\t\t\t\t\t<h2 class=\"elementor-heading-title elementor-size-default\">Prices for accommodation winter 2026\n\n<\/h2>\t\t\t\t<\/div>\n\t\t\t\t<div class=\"elementor-element elementor-element-0d62554 elementor-widget-divider--view-line elementor-widget elementor-widget-divider\" data-id=\"0d62554\" data-element_type=\"widget\" data-e-type=\"widget\" data-widget_type=\"divider.default\">\n\t\t\t\t\t\t\t<div class=\"elementor-divider\">\n\t\t\t<span class=\"elementor-divider-separator\">\n\t\t\t\t\t\t<\/span>\n\t\t<\/div>\n\t\t\t\t\t\t<\/div>\n\t\t\t\t\t<\/div>\n\t\t\t\t<\/div>\n\t\t<div class=\"elementor-element elementor-element-0c7f20f e-flex e-con-boxed e-con e-parent\" data-id=\"0c7f20f\" data-element_type=\"container\" data-e-type=\"container\">\n\t\t\t\t\t<div class=\"e-con-inner\">\n\t\t\t\t<div class=\"elementor-element elementor-element-a2b4a1d elementor-widget elementor-widget-shortcode\" data-id=\"a2b4a1d\" data-element_type=\"widget\" data-e-type=\"widget\" data-widget_type=\"shortcode.default\">\n\t\t\t\t\t\t\t<div class=\"elementor-shortcode\">\n<table id=\"tablepress-3\" class=\"tablepress tablepress-id-3\">\n<thead>\n<tr class=\"row-1\">\n\t<th class=\"column-1\">Service<\/th><th class=\"column-2\">Price<\/th>\n<\/tr>\n<\/thead>\n<tbody class=\"row-striping row-hover\">\n<tr class=\"row-2\">\n\t<td class=\"column-1\">Accommodation in a made bed with breakfast (per person)<\/td><td class=\"column-2\">kr 1350,-<\/td>\n<\/tr>\n<tr class=\"row-3\">\n\t<td class=\"column-1\">Accommodation in a made bed with breakfast<br \/>\n(per person) Midweek and +3 nights<\/td><td class=\"column-2\">kr 1250,-<\/td>\n<\/tr>\n<tr class=\"row-4\">\n\t<td class=\"column-1\">Dinner <\/td><td class=\"column-2\">from NOK 350,- to NOK 450,-<\/td>\n<\/tr>\n<tr class=\"row-5\">\n\t<td class=\"column-1\">Nest with thermos <\/td><td class=\"column-2\">kr 150,-<\/td>\n<\/tr>\n<tr class=\"row-6\">\n\t<td class=\"column-1\">Children under 4 years<\/td><td class=\"column-2\">Free of charge<\/td>\n<\/tr>\n<tr class=\"row-7\">\n\t<td class=\"column-1\">Children 4-15 years<\/td><td class=\"column-2\">kr 750,-<\/td>\n<\/tr>\n<tr class=\"row-8\">\n\t<td class=\"column-1\">dog<\/td><td class=\"column-2\">kr 100,- per day<\/td>\n<\/tr>\n<tr class=\"row-9\">\n\t<td class=\"column-1\">Sauna<\/td><td class=\"column-2\">NOK 80,- per person<\/td>\n<\/tr>\n<\/tbody>\n<\/table>\n<!-- #tablepress-3 from cache --><\/div>\n\t\t\t\t\t\t<\/div>\n\t\t\t\t\t<\/div>\n\t\t\t\t<\/div>\n\t\t<div class=\"elementor-element elementor-element-2aa60ad e-flex e-con-boxed e-con e-parent\" data-id=\"2aa60ad\" data-element_type=\"container\" data-e-type=\"container\" data-settings=\"{&quot;background_background&quot;:&quot;classic&quot;}\">\n\t\t\t\t\t<div class=\"e-con-inner\">\n\t\t<div class=\"elementor-element elementor-element-48a001e e-con-full e-flex e-con e-child\" data-id=\"48a001e\" data-element_type=\"container\" data-e-type=\"container\">\n\t\t\t\t<div class=\"elementor-element elementor-element-fa4b9a1 elementor-widget elementor-widget-text-editor\" data-id=\"fa4b9a1\" data-element_type=\"widget\" data-e-type=\"widget\" data-widget_type=\"text-editor.default\">\n\t\t\t\t\t\t\t\t\t<p><strong>Cancellation:<\/strong>\u00a0You can cancel up to 4 days before your arrival date. In the event of a later cancellation, the total amount of the booking will be invoiced.<\/p><p><strong>Bed linen:<\/strong>\u00a0Beds made up with 2 towels<\/p><p><strong>Liquor license:<\/strong>\u00a0We are licensed to serve beer, cider and wine.<\/p><p><strong>Payment:<\/strong>\u00a0Card payment is available.<\/p>\t\t\t\t\t\t\t\t<\/div>\n\t\t\t\t<\/div>\n\t\t\t\t\t<\/div>\n\t\t\t\t<\/div>\n\t\t<div class=\"elementor-element elementor-element-fc9cfab e-flex e-con-boxed e-con e-parent\" data-id=\"fc9cfab\" data-element_type=\"container\" data-e-type=\"container\">\n\t\t\t\t\t<div class=\"e-con-inner\">\n\t\t\t\t\t<\/div>\n\t\t\t\t<\/div>\n\t\t\t\t<\/div>","protected":false},"excerpt":{"rendered":"<p>Tradisjonsrik overnatting og mat Vi kan tilby overnatting i en tradisjonsrik Fjellstove fra 1938 som har beholdt den gamle stilen fra 1950-1970 tallet. \u00a0Upsete Fjellstove har en hjemmekoselig atmosf\u00e6re. Her er 35 senger fordelt p\u00e5 enkelt rom, to sengsrom og 3 sengsrom. Vi har barnesenger som kan settes inn p\u00e5 enkelte rom. Her er ikke [&hellip;]<\/p>\n","protected":false},"author":1,"featured_media":0,"parent":0,"menu_order":0,"comment_status":"closed","ping_status":"closed","template":"","meta":{"footnotes":""},"class_list":["post-227","page","type-page","status-publish","hentry"],"_links":{"self":[{"href":"https:\/\/upsetefjellstove.no\/en\/wp-json\/wp\/v2\/pages\/227","targetHints":{"allow":["GET"]}}],"collection":[{"href":"https:\/\/upsetefjellstove.no\/en\/wp-json\/wp\/v2\/pages"}],"about":[{"href":"https:\/\/upsetefjellstove.no\/en\/wp-json\/wp\/v2\/types\/page"}],"author":[{"embeddable":true,"href":"https:\/\/upsetefjellstove.no\/en\/wp-json\/wp\/v2\/users\/1"}],"replies":[{"embeddable":true,"href":"https:\/\/upsetefjellstove.no\/en\/wp-json\/wp\/v2\/comments?post=227"}],"version-history":[{"count":5,"href":"https:\/\/upsetefjellstove.no\/en\/wp-json\/wp\/v2\/pages\/227\/revisions"}],"predecessor-version":[{"id":1264,"href":"https:\/\/upsetefjellstove.no\/en\/wp-json\/wp\/v2\/pages\/227\/revisions\/1264"}],"wp:attachment":[{"href":"https:\/\/upsetefjellstove.no\/en\/wp-json\/wp\/v2\/media?parent=227"}],"curies":[{"name":"wp","href":"https:\/\/api.w.org\/{rel}","templated":true}]}}