{"id":288,"date":"2025-11-13T13:55:20","date_gmt":"2025-11-13T13:55:20","guid":{"rendered":"https:\/\/upsetefjellstove.no\/?page_id=288"},"modified":"2026-04-15T11:53:34","modified_gmt":"2026-04-15T09:53:34","slug":"aktiviteter-vintersesong","status":"publish","type":"page","link":"https:\/\/upsetefjellstove.no\/en\/aktiviteter-vintersesong\/","title":{"rendered":"Activities winter season"},"content":{"rendered":"<div data-elementor-type=\"wp-page\" data-elementor-id=\"288\" class=\"elementor elementor-288\" data-elementor-post-type=\"page\">\n\t\t\t\t<div class=\"elementor-element elementor-element-7136920 e-flex e-con-boxed e-con e-parent\" data-id=\"7136920\" data-element_type=\"container\" data-e-type=\"container\">\n\t\t\t\t\t<div class=\"e-con-inner\">\n\t\t<div class=\"elementor-element elementor-element-276231e e-con-full e-flex e-con e-child\" data-id=\"276231e\" data-element_type=\"container\" data-e-type=\"container\">\n\t\t\t\t<div class=\"elementor-element elementor-element-670fb46 elementor-widget elementor-widget-heading\" data-id=\"670fb46\" data-element_type=\"widget\" data-e-type=\"widget\" data-widget_type=\"heading.default\">\n\t\t\t\t\t<h2 class=\"elementor-heading-title elementor-size-default\">From January 10 to May 10\n\n<\/h2>\t\t\t\t<\/div>\n\t\t\t\t<div class=\"elementor-element elementor-element-01fa9a8 elementor-widget elementor-widget-text-editor\" data-id=\"01fa9a8\" data-element_type=\"widget\" data-e-type=\"widget\" data-widget_type=\"text-editor.default\">\n\t\t\t\t\t\t\t\t\t<div class=\"wpb_text_column wpb_content_element line-height\"><div class=\"wpb_wrapper\"><p><span style=\"font-weight: 400;\">At Upsete, there are almost unlimited opportunities for skiing in untouched terrain. You can choose tours with views of the Sognefjord or Hardangerfjord. When conditions allow, there are prepared ski trails from Mj\u00f8lfjell to Upsete. The ski terrain around Fjellstova is suitable for both children and adults, young and old.<\/span><\/p><p><span style=\"font-weight: 400;\">There are also many peaks and good conditions for mountain skiing and summit tours with randonee skis. The area has been used for years, from Nansen's trips over the Vossaskavlen to today's events such as Fri Flyt High Camp. The season starts early with good skiing conditions, and Upsete Fjellstove has a well-known man in charge of operations. In different snow, wind and snow conditions, local knowledge is important to make winter tours safe and to recommend the best tours based on weather and conditions.<\/span><\/p><\/div><\/div>\t\t\t\t\t\t\t\t<\/div>\n\t\t\t\t<div class=\"elementor-element elementor-element-9708a03 elementor-align-left elementor-widget elementor-widget-button\" data-id=\"9708a03\" data-element_type=\"widget\" data-e-type=\"widget\" data-widget_type=\"button.default\">\n\t\t\t\t\t\t\t\t\t\t<a class=\"elementor-button elementor-button-link elementor-size-sm\" href=\"https:\/\/www.skiraundalen.no\/\" target=\"_blank\">\n\t\t\t\t\t\t<span class=\"elementor-button-content-wrapper\">\n\t\t\t\t\t\t\t\t\t<span class=\"elementor-button-text\">read about hiking in the area<\/span>\n\t\t\t\t\t<\/span>\n\t\t\t\t\t<\/a>\n\t\t\t\t\t\t\t\t<\/div>\n\t\t\t\t<\/div>\n\t\t<div class=\"elementor-element elementor-element-ae482b9 e-con-full e-flex e-con e-child\" data-id=\"ae482b9\" data-element_type=\"container\" data-e-type=\"container\" data-settings=\"{&quot;background_background&quot;:&quot;classic&quot;}\">\n\t\t\t\t<\/div>\n\t\t\t\t\t<\/div>\n\t\t\t\t<\/div>\n\t\t<div class=\"elementor-element elementor-element-fe8d3b6 e-flex e-con-boxed e-con e-parent\" data-id=\"fe8d3b6\" data-element_type=\"container\" data-e-type=\"container\" data-settings=\"{&quot;background_background&quot;:&quot;classic&quot;}\">\n\t\t\t\t\t<div class=\"e-con-inner\">\n\t\t<div class=\"elementor-element elementor-element-1045a41 e-con-full e-flex e-con e-child\" data-id=\"1045a41\" data-element_type=\"container\" data-e-type=\"container\" data-settings=\"{&quot;background_background&quot;:&quot;classic&quot;}\">\n\t\t\t\t<div class=\"elementor-element elementor-element-1849dfe elementor-widget elementor-widget-spacer\" data-id=\"1849dfe\" data-element_type=\"widget\" data-e-type=\"widget\" data-widget_type=\"spacer.default\">\n\t\t\t\t\t\t\t<div class=\"elementor-spacer\">\n\t\t\t<div class=\"elementor-spacer-inner\"><\/div>\n\t\t<\/div>\n\t\t\t\t\t\t<\/div>\n\t\t\t\t<\/div>\n\t\t<div class=\"elementor-element elementor-element-3c44ee6 e-con-full e-flex e-con e-child\" data-id=\"3c44ee6\" data-element_type=\"container\" data-e-type=\"container\">\n\t\t\t\t<div class=\"elementor-element elementor-element-b5413b2 elementor-widget elementor-widget-text-editor\" data-id=\"b5413b2\" data-element_type=\"widget\" data-e-type=\"widget\" data-widget_type=\"text-editor.default\">\n\t\t\t\t\t\t\t\t\t<div class=\"wpb_text_column wpb_content_element line-height\"><div class=\"wpb_wrapper\"><p><span style=\"font-weight: 400;\">Before Easter, Voss Utferdslag will be cutting a trail from Upsete to the unmanned Kaldavasshytta. It is also possible to ski to the self-service Hallingskeidhytta above Vossaskavlen, for those who are used to the mountains and have good skiing skills. This is the route Fridtjof Nansen walked from Oslo to Bergen in 1884. You can also walk in the World Heritage area to the self-service Grindaflethytta.<\/span><\/p><p><span style=\"font-weight: 400;\">Fjellstova is a perfect starting point for classics such as Vassfj\u00f8ra (the queen of Hardanger) and Trollanuten, with unique views of the fjords. Or \u00d8ykjafonn with views of Hallingskarvet and J\u00f8kulen<\/span><\/p><p><span style=\"font-weight: 400;\">We offer a winter hiking booklet with maps and descriptions of the summit tours around Fjellstova, as well as rental of summit equipment and sale of avalanche packages. There's also room for quiet reflection with a good book.<\/span><\/p><p><span style=\"font-weight: 400;\">If you want to customize tours or experiences, you can call or send to <\/span><em><a href=\"mailto:post@upsetefjellstov.no\"><span style=\"font-weight: 400;\">post@upsetefjellstove.no<\/span><\/a><\/em><\/p><\/div><\/div>\t\t\t\t\t\t\t\t<\/div>\n\t\t\t\t<div class=\"elementor-element elementor-element-902afc5 elementor-widget elementor-widget-button\" data-id=\"902afc5\" data-element_type=\"widget\" data-e-type=\"widget\" data-widget_type=\"button.default\">\n\t\t\t\t\t\t\t\t\t\t<a class=\"elementor-button elementor-button-link elementor-size-sm\" href=\"https:\/\/upsetefjellstove.no\/en\/aktivitetskalender\/\">\n\t\t\t\t\t\t<span class=\"elementor-button-content-wrapper\">\n\t\t\t\t\t\t\t\t\t<span class=\"elementor-button-text\">read more on the activity calendar <\/span>\n\t\t\t\t\t<\/span>\n\t\t\t\t\t<\/a>\n\t\t\t\t\t\t\t\t<\/div>\n\t\t\t\t<\/div>\n\t\t\t\t\t<\/div>\n\t\t\t\t<\/div>\n\t\t<div class=\"elementor-element elementor-element-599e75c e-flex e-con-boxed e-con e-parent\" data-id=\"599e75c\" data-element_type=\"container\" data-e-type=\"container\">\n\t\t\t\t\t<div class=\"e-con-inner\">\n\t\t\t\t<div class=\"elementor-element elementor-element-060300b elementor-widget elementor-widget-heading\" data-id=\"060300b\" data-element_type=\"widget\" data-e-type=\"widget\" data-widget_type=\"heading.default\">\n\t\t\t\t\t<h2 class=\"elementor-heading-title elementor-size-default\">PICTURES<\/h2>\t\t\t\t<\/div>\n\t\t\t\t<div class=\"elementor-element elementor-element-9d9e078 elementor-widget-divider--view-line elementor-widget elementor-widget-divider\" data-id=\"9d9e078\" data-element_type=\"widget\" data-e-type=\"widget\" data-widget_type=\"divider.default\">\n\t\t\t\t\t\t\t<div class=\"elementor-divider\">\n\t\t\t<span class=\"elementor-divider-separator\">\n\t\t\t\t\t\t<\/span>\n\t\t<\/div>\n\t\t\t\t\t\t<\/div>\n\t\t\t\t<div class=\"elementor-element elementor-element-29673f6 elementor-widget elementor-widget-gallery\" data-id=\"29673f6\" data-element_type=\"widget\" data-e-type=\"widget\" data-settings=\"{&quot;columns&quot;:3,&quot;lazyload&quot;:&quot;yes&quot;,&quot;gallery_layout&quot;:&quot;grid&quot;,&quot;columns_tablet&quot;:2,&quot;columns_mobile&quot;:1,&quot;gap&quot;:{&quot;unit&quot;:&quot;px&quot;,&quot;size&quot;:10,&quot;sizes&quot;:[]},&quot;gap_tablet&quot;:{&quot;unit&quot;:&quot;px&quot;,&quot;size&quot;:10,&quot;sizes&quot;:[]},&quot;gap_mobile&quot;:{&quot;unit&quot;:&quot;px&quot;,&quot;size&quot;:10,&quot;sizes&quot;:[]},&quot;link_to&quot;:&quot;file&quot;,&quot;aspect_ratio&quot;:&quot;3:2&quot;,&quot;content_hover_animation&quot;:&quot;fade-in&quot;}\" data-widget_type=\"gallery.default\">\n\t\t\t\t\t\t\t<div class=\"elementor-gallery__container\">\n\t\t\t\t\t\t\t<a class=\"e-gallery-item elementor-gallery-item elementor-animated-content\" href=\"https:\/\/upsetefjellstove.no\/wp-content\/uploads\/2026\/04\/IMG_3368-scaled.webp\" data-elementor-open-lightbox=\"yes\" data-elementor-lightbox-slideshow=\"29673f6\" data-elementor-lightbox-title=\"IMG_3368\" data-e-action-hash=\"#elementor-action%3Aaction%3Dlightbox%26settings%3DeyJpZCI6MTM3OSwidXJsIjoiaHR0cHM6XC9cL3Vwc2V0ZWZqZWxsc3RvdmUubm9cL3dwLWNvbnRlbnRcL3VwbG9hZHNcLzIwMjZcLzA0XC9JTUdfMzM2OC1zY2FsZWQud2VicCIsInNsaWRlc2hvdyI6IjI5NjczZjYifQ%3D%3D\">\n\t\t\t\t\t<div class=\"e-gallery-image elementor-gallery-item__image\" data-thumbnail=\"https:\/\/upsetefjellstove.no\/wp-content\/uploads\/2026\/04\/IMG_3368-768x576.webp\" data-width=\"768\" data-height=\"576\" aria-label=\"\" role=\"img\" ><\/div>\n\t\t\t\t\t\t\t\t\t\t\t\t\t\t<\/a>\n\t\t\t\t\t\t\t<a class=\"e-gallery-item elementor-gallery-item elementor-animated-content\" href=\"https:\/\/upsetefjellstove.no\/wp-content\/uploads\/2025\/11\/IMG_2185-scaled.webp\" data-elementor-open-lightbox=\"yes\" data-elementor-lightbox-slideshow=\"29673f6\" data-elementor-lightbox-title=\"IMG_2185\" data-e-action-hash=\"#elementor-action%3Aaction%3Dlightbox%26settings%3DeyJpZCI6MTIzLCJ1cmwiOiJodHRwczpcL1wvdXBzZXRlZmplbGxzdG92ZS5ub1wvd3AtY29udGVudFwvdXBsb2Fkc1wvMjAyNVwvMTFcL0lNR18yMTg1LXNjYWxlZC53ZWJwIiwic2xpZGVzaG93IjoiMjk2NzNmNiJ9\">\n\t\t\t\t\t<div class=\"e-gallery-image elementor-gallery-item__image\" data-thumbnail=\"https:\/\/upsetefjellstove.no\/wp-content\/uploads\/2025\/11\/IMG_2185-768x1024.webp\" data-width=\"768\" data-height=\"1024\" aria-label=\"\" role=\"img\" ><\/div>\n\t\t\t\t\t\t\t\t\t\t\t\t\t\t<\/a>\n\t\t\t\t\t\t\t<a class=\"e-gallery-item elementor-gallery-item elementor-animated-content\" href=\"https:\/\/upsetefjellstove.no\/wp-content\/uploads\/2026\/04\/anne-rustedalseggen-1.webp\" data-elementor-open-lightbox=\"yes\" data-elementor-lightbox-slideshow=\"29673f6\" data-elementor-lightbox-title=\"anne rustedalseggen\" data-e-action-hash=\"#elementor-action%3Aaction%3Dlightbox%26settings%3DeyJpZCI6MTM3MywidXJsIjoiaHR0cHM6XC9cL3Vwc2V0ZWZqZWxsc3RvdmUubm9cL3dwLWNvbnRlbnRcL3VwbG9hZHNcLzIwMjZcLzA0XC9hbm5lLXJ1c3RlZGFsc2VnZ2VuLTEud2VicCIsInNsaWRlc2hvdyI6IjI5NjczZjYifQ%3D%3D\">\n\t\t\t\t\t<div class=\"e-gallery-image elementor-gallery-item__image\" data-thumbnail=\"https:\/\/upsetefjellstove.no\/wp-content\/uploads\/2026\/04\/anne-rustedalseggen-1-768x912.webp\" data-width=\"768\" data-height=\"912\" aria-label=\"\" role=\"img\" ><\/div>\n\t\t\t\t\t\t\t\t\t\t\t\t\t\t<\/a>\n\t\t\t\t\t\t\t<a class=\"e-gallery-item elementor-gallery-item elementor-animated-content\" href=\"https:\/\/upsetefjellstove.no\/wp-content\/uploads\/2025\/11\/IMG_2212-scaled.webp\" data-elementor-open-lightbox=\"yes\" data-elementor-lightbox-slideshow=\"29673f6\" data-elementor-lightbox-title=\"IMG_2212\" data-e-action-hash=\"#elementor-action%3Aaction%3Dlightbox%26settings%3DeyJpZCI6MTI0LCJ1cmwiOiJodHRwczpcL1wvdXBzZXRlZmplbGxzdG92ZS5ub1wvd3AtY29udGVudFwvdXBsb2Fkc1wvMjAyNVwvMTFcL0lNR18yMjEyLXNjYWxlZC53ZWJwIiwic2xpZGVzaG93IjoiMjk2NzNmNiJ9\">\n\t\t\t\t\t<div class=\"e-gallery-image elementor-gallery-item__image\" data-thumbnail=\"https:\/\/upsetefjellstove.no\/wp-content\/uploads\/2025\/11\/IMG_2212-768x1024.webp\" data-width=\"768\" data-height=\"1024\" aria-label=\"\" role=\"img\" ><\/div>\n\t\t\t\t\t\t\t\t\t\t\t\t\t\t<\/a>\n\t\t\t\t\t\t\t<a class=\"e-gallery-item elementor-gallery-item elementor-animated-content\" href=\"https:\/\/upsetefjellstove.no\/wp-content\/uploads\/2026\/04\/foring-Oykjafonn.webp\" data-elementor-open-lightbox=\"yes\" data-elementor-lightbox-slideshow=\"29673f6\" data-elementor-lightbox-title=\"f\u00f8ring \u00d8ykjafonn\" data-e-action-hash=\"#elementor-action%3Aaction%3Dlightbox%26settings%3DeyJpZCI6MTM3NywidXJsIjoiaHR0cHM6XC9cL3Vwc2V0ZWZqZWxsc3RvdmUubm9cL3dwLWNvbnRlbnRcL3VwbG9hZHNcLzIwMjZcLzA0XC9mb3JpbmctT3lramFmb25uLndlYnAiLCJzbGlkZXNob3ciOiIyOTY3M2Y2In0%3D\">\n\t\t\t\t\t<div class=\"e-gallery-image elementor-gallery-item__image\" data-thumbnail=\"https:\/\/upsetefjellstove.no\/wp-content\/uploads\/2026\/04\/foring-Oykjafonn-768x1024.webp\" data-width=\"768\" data-height=\"1024\" aria-label=\"\" role=\"img\" ><\/div>\n\t\t\t\t\t\t\t\t\t\t\t\t\t\t<\/a>\n\t\t\t\t\t\t\t<a class=\"e-gallery-item elementor-gallery-item elementor-animated-content\" href=\"https:\/\/upsetefjellstove.no\/wp-content\/uploads\/2025\/11\/luflwdfkwtutu7ckceur.webp\" data-elementor-open-lightbox=\"yes\" data-elementor-lightbox-slideshow=\"29673f6\" data-elementor-lightbox-title=\"luflwdfkwtutu7ckceur\" data-e-action-hash=\"#elementor-action%3Aaction%3Dlightbox%26settings%3DeyJpZCI6MTQwLCJ1cmwiOiJodHRwczpcL1wvdXBzZXRlZmplbGxzdG92ZS5ub1wvd3AtY29udGVudFwvdXBsb2Fkc1wvMjAyNVwvMTFcL2x1Zmx3ZGZrd3R1dHU3Y2tjZXVyLndlYnAiLCJzbGlkZXNob3ciOiIyOTY3M2Y2In0%3D\">\n\t\t\t\t\t<div class=\"e-gallery-image elementor-gallery-item__image\" data-thumbnail=\"https:\/\/upsetefjellstove.no\/wp-content\/uploads\/2025\/11\/luflwdfkwtutu7ckceur-768x512.webp\" data-width=\"768\" data-height=\"512\" aria-label=\"\" role=\"img\" ><\/div>\n\t\t\t\t\t\t\t\t\t\t\t\t\t\t<\/a>\n\t\t\t\t\t\t\t<a class=\"e-gallery-item elementor-gallery-item elementor-animated-content\" href=\"https:\/\/upsetefjellstove.no\/wp-content\/uploads\/2026\/04\/IMG_3172-scaled.webp\" data-elementor-open-lightbox=\"yes\" data-elementor-lightbox-slideshow=\"29673f6\" data-elementor-lightbox-title=\"IMG_3172\" data-e-action-hash=\"#elementor-action%3Aaction%3Dlightbox%26settings%3DeyJpZCI6MTM3OCwidXJsIjoiaHR0cHM6XC9cL3Vwc2V0ZWZqZWxsc3RvdmUubm9cL3dwLWNvbnRlbnRcL3VwbG9hZHNcLzIwMjZcLzA0XC9JTUdfMzE3Mi1zY2FsZWQud2VicCIsInNsaWRlc2hvdyI6IjI5NjczZjYifQ%3D%3D\">\n\t\t\t\t\t<div class=\"e-gallery-image elementor-gallery-item__image\" data-thumbnail=\"https:\/\/upsetefjellstove.no\/wp-content\/uploads\/2026\/04\/IMG_3172-768x1024.webp\" data-width=\"768\" data-height=\"1024\" aria-label=\"\" role=\"img\" ><\/div>\n\t\t\t\t\t\t\t\t\t\t\t\t\t\t<\/a>\n\t\t\t\t\t\t\t<a class=\"e-gallery-item elementor-gallery-item elementor-animated-content\" href=\"https:\/\/upsetefjellstove.no\/wp-content\/uploads\/2025\/11\/IMG_7118-scaled.webp\" data-elementor-open-lightbox=\"yes\" data-elementor-lightbox-slideshow=\"29673f6\" data-elementor-lightbox-title=\"IMG_7118\" data-e-action-hash=\"#elementor-action%3Aaction%3Dlightbox%26settings%3DeyJpZCI6MTAwLCJ1cmwiOiJodHRwczpcL1wvdXBzZXRlZmplbGxzdG92ZS5ub1wvd3AtY29udGVudFwvdXBsb2Fkc1wvMjAyNVwvMTFcL0lNR183MTE4LXNjYWxlZC53ZWJwIiwic2xpZGVzaG93IjoiMjk2NzNmNiJ9\">\n\t\t\t\t\t<div class=\"e-gallery-image elementor-gallery-item__image\" data-thumbnail=\"https:\/\/upsetefjellstove.no\/wp-content\/uploads\/2025\/11\/IMG_7118-768x1024.webp\" data-width=\"768\" data-height=\"1024\" aria-label=\"\" role=\"img\" ><\/div>\n\t\t\t\t\t\t\t\t\t\t\t\t\t\t<\/a>\n\t\t\t\t\t\t\t<a class=\"e-gallery-item elementor-gallery-item elementor-animated-content\" href=\"https:\/\/upsetefjellstove.no\/wp-content\/uploads\/2025\/11\/480738812_1520037965579363_3008815791673682845_n.webp\" data-elementor-open-lightbox=\"yes\" data-elementor-lightbox-slideshow=\"29673f6\" data-elementor-lightbox-title=\"480738812_1520037965579363_3008815791673682845_n\" data-e-action-hash=\"#elementor-action%3Aaction%3Dlightbox%26settings%3DeyJpZCI6NzgwLCJ1cmwiOiJodHRwczpcL1wvdXBzZXRlZmplbGxzdG92ZS5ub1wvd3AtY29udGVudFwvdXBsb2Fkc1wvMjAyNVwvMTFcLzQ4MDczODgxMl8xNTIwMDM3OTY1NTc5MzYzXzMwMDg4MTU3OTE2NzM2ODI4NDVfbi53ZWJwIiwic2xpZGVzaG93IjoiMjk2NzNmNiJ9\">\n\t\t\t\t\t<div class=\"e-gallery-image elementor-gallery-item__image\" data-thumbnail=\"https:\/\/upsetefjellstove.no\/wp-content\/uploads\/2025\/11\/480738812_1520037965579363_3008815791673682845_n-768x576.webp\" data-width=\"768\" data-height=\"576\" aria-label=\"\" role=\"img\" ><\/div>\n\t\t\t\t\t\t\t\t\t\t\t\t\t\t<\/a>\n\t\t\t\t\t\t\t<a class=\"e-gallery-item elementor-gallery-item elementor-animated-content\" href=\"https:\/\/upsetefjellstove.no\/wp-content\/uploads\/2025\/11\/474795403_1503007640615729_8533307113060729630_n.webp\" data-elementor-open-lightbox=\"yes\" data-elementor-lightbox-slideshow=\"29673f6\" data-elementor-lightbox-title=\"474795403_1503007640615729_8533307113060729630_n\" data-e-action-hash=\"#elementor-action%3Aaction%3Dlightbox%26settings%3DeyJpZCI6Nzc5LCJ1cmwiOiJodHRwczpcL1wvdXBzZXRlZmplbGxzdG92ZS5ub1wvd3AtY29udGVudFwvdXBsb2Fkc1wvMjAyNVwvMTFcLzQ3NDc5NTQwM18xNTAzMDA3NjQwNjE1NzI5Xzg1MzMzMDcxMTMwNjA3Mjk2MzBfbi53ZWJwIiwic2xpZGVzaG93IjoiMjk2NzNmNiJ9\">\n\t\t\t\t\t<div class=\"e-gallery-image elementor-gallery-item__image\" data-thumbnail=\"https:\/\/upsetefjellstove.no\/wp-content\/uploads\/2025\/11\/474795403_1503007640615729_8533307113060729630_n-768x576.webp\" data-width=\"768\" data-height=\"576\" aria-label=\"\" role=\"img\" ><\/div>\n\t\t\t\t\t\t\t\t\t\t\t\t\t\t<\/a>\n\t\t\t\t\t\t\t<a class=\"e-gallery-item elementor-gallery-item elementor-animated-content\" href=\"https:\/\/upsetefjellstove.no\/wp-content\/uploads\/2025\/11\/480792029_1520037962246030_5910717867534077025_n.webp\" data-elementor-open-lightbox=\"yes\" data-elementor-lightbox-slideshow=\"29673f6\" data-elementor-lightbox-title=\"480792029_1520037962246030_5910717867534077025_n\" data-e-action-hash=\"#elementor-action%3Aaction%3Dlightbox%26settings%3DeyJpZCI6NzgxLCJ1cmwiOiJodHRwczpcL1wvdXBzZXRlZmplbGxzdG92ZS5ub1wvd3AtY29udGVudFwvdXBsb2Fkc1wvMjAyNVwvMTFcLzQ4MDc5MjAyOV8xNTIwMDM3OTYyMjQ2MDMwXzU5MTA3MTc4Njc1MzQwNzcwMjVfbi53ZWJwIiwic2xpZGVzaG93IjoiMjk2NzNmNiJ9\">\n\t\t\t\t\t<div class=\"e-gallery-image elementor-gallery-item__image\" data-thumbnail=\"https:\/\/upsetefjellstove.no\/wp-content\/uploads\/2025\/11\/480792029_1520037962246030_5910717867534077025_n-768x576.webp\" data-width=\"768\" data-height=\"576\" aria-label=\"\" role=\"img\" ><\/div>\n\t\t\t\t\t\t\t\t\t\t\t\t\t\t<\/a>\n\t\t\t\t\t\t\t<a class=\"e-gallery-item elementor-gallery-item elementor-animated-content\" href=\"https:\/\/upsetefjellstove.no\/wp-content\/uploads\/2025\/11\/474718080_1503007310615762_5252050582905189970_n.webp\" data-elementor-open-lightbox=\"yes\" data-elementor-lightbox-slideshow=\"29673f6\" data-elementor-lightbox-title=\"474718080_1503007310615762_5252050582905189970_n\" data-e-action-hash=\"#elementor-action%3Aaction%3Dlightbox%26settings%3DeyJpZCI6Nzc4LCJ1cmwiOiJodHRwczpcL1wvdXBzZXRlZmplbGxzdG92ZS5ub1wvd3AtY29udGVudFwvdXBsb2Fkc1wvMjAyNVwvMTFcLzQ3NDcxODA4MF8xNTAzMDA3MzEwNjE1NzYyXzUyNTIwNTA1ODI5MDUxODk5NzBfbi53ZWJwIiwic2xpZGVzaG93IjoiMjk2NzNmNiJ9\">\n\t\t\t\t\t<div class=\"e-gallery-image elementor-gallery-item__image\" data-thumbnail=\"https:\/\/upsetefjellstove.no\/wp-content\/uploads\/2025\/11\/474718080_1503007310615762_5252050582905189970_n-768x576.webp\" data-width=\"768\" data-height=\"576\" aria-label=\"\" role=\"img\" ><\/div>\n\t\t\t\t\t\t\t\t\t\t\t\t\t\t<\/a>\n\t\t\t\t\t\t\t<a class=\"e-gallery-item elementor-gallery-item elementor-animated-content\" href=\"https:\/\/upsetefjellstove.no\/wp-content\/uploads\/2025\/11\/480706250_1522387932011033_2941304904044699509_n.webp\" data-elementor-open-lightbox=\"yes\" data-elementor-lightbox-slideshow=\"29673f6\" data-elementor-lightbox-title=\"480706250_1522387932011033_2941304904044699509_n\" data-e-action-hash=\"#elementor-action%3Aaction%3Dlightbox%26settings%3DeyJpZCI6Nzg2LCJ1cmwiOiJodHRwczpcL1wvdXBzZXRlZmplbGxzdG92ZS5ub1wvd3AtY29udGVudFwvdXBsb2Fkc1wvMjAyNVwvMTFcLzQ4MDcwNjI1MF8xNTIyMzg3OTMyMDExMDMzXzI5NDEzMDQ5MDQwNDQ2OTk1MDlfbi53ZWJwIiwic2xpZGVzaG93IjoiMjk2NzNmNiJ9\">\n\t\t\t\t\t<div class=\"e-gallery-image elementor-gallery-item__image\" data-thumbnail=\"https:\/\/upsetefjellstove.no\/wp-content\/uploads\/2025\/11\/480706250_1522387932011033_2941304904044699509_n-768x575.webp\" data-width=\"768\" data-height=\"575\" aria-label=\"\" role=\"img\" ><\/div>\n\t\t\t\t\t\t\t\t\t\t\t\t\t\t<\/a>\n\t\t\t\t\t\t\t<a class=\"e-gallery-item elementor-gallery-item elementor-animated-content\" href=\"https:\/\/upsetefjellstove.no\/wp-content\/uploads\/2025\/11\/IMG_3561-scaled.webp\" data-elementor-open-lightbox=\"yes\" data-elementor-lightbox-slideshow=\"29673f6\" data-elementor-lightbox-title=\"IMG_3561\" data-e-action-hash=\"#elementor-action%3Aaction%3Dlightbox%26settings%3DeyJpZCI6MTA2LCJ1cmwiOiJodHRwczpcL1wvdXBzZXRlZmplbGxzdG92ZS5ub1wvd3AtY29udGVudFwvdXBsb2Fkc1wvMjAyNVwvMTFcL0lNR18zNTYxLXNjYWxlZC53ZWJwIiwic2xpZGVzaG93IjoiMjk2NzNmNiJ9\">\n\t\t\t\t\t<div class=\"e-gallery-image elementor-gallery-item__image\" data-thumbnail=\"https:\/\/upsetefjellstove.no\/wp-content\/uploads\/2025\/11\/IMG_3561-768x1024.webp\" data-width=\"768\" data-height=\"1024\" aria-label=\"\" role=\"img\" ><\/div>\n\t\t\t\t\t\t\t\t\t\t\t\t\t\t<\/a>\n\t\t\t\t\t<\/div>\n\t\t\t\t\t<\/div>\n\t\t\t\t\t<\/div>\n\t\t\t\t<\/div>\n\t\t\t\t<\/div>","protected":false},"excerpt":{"rendered":"<p>Fra 10. januar til 10.mai P\u00e5 Upsete finnes det n\u00e6rmest ubegrensede muligheter for skiturer i uber\u00f8rt terreng. Du kan velge turer med utsikt mot Sognefjorden eller Hardangerfjorden. N\u00e5r forholdene tillater det, er det oppkj\u00f8rte skispor fra Mj\u00f8lfjell til Upsete. Skiterrenget rundt Fjellstova passer b\u00e5de for barn og voksne, unge og eldre. Her er det ogs\u00e5 [&hellip;]<\/p>\n","protected":false},"author":1,"featured_media":0,"parent":0,"menu_order":0,"comment_status":"closed","ping_status":"closed","template":"","meta":{"footnotes":""},"class_list":["post-288","page","type-page","status-publish","hentry"],"_links":{"self":[{"href":"https:\/\/upsetefjellstove.no\/en\/wp-json\/wp\/v2\/pages\/288","targetHints":{"allow":["GET"]}}],"collection":[{"href":"https:\/\/upsetefjellstove.no\/en\/wp-json\/wp\/v2\/pages"}],"about":[{"href":"https:\/\/upsetefjellstove.no\/en\/wp-json\/wp\/v2\/types\/page"}],"author":[{"embeddable":true,"href":"https:\/\/upsetefjellstove.no\/en\/wp-json\/wp\/v2\/users\/1"}],"replies":[{"embeddable":true,"href":"https:\/\/upsetefjellstove.no\/en\/wp-json\/wp\/v2\/comments?post=288"}],"version-history":[{"count":8,"href":"https:\/\/upsetefjellstove.no\/en\/wp-json\/wp\/v2\/pages\/288\/revisions"}],"predecessor-version":[{"id":1382,"href":"https:\/\/upsetefjellstove.no\/en\/wp-json\/wp\/v2\/pages\/288\/revisions\/1382"}],"wp:attachment":[{"href":"https:\/\/upsetefjellstove.no\/en\/wp-json\/wp\/v2\/media?parent=288"}],"curies":[{"name":"wp","href":"https:\/\/api.w.org\/{rel}","templated":true}]}}