{"id":308,"date":"2025-11-13T14:00:07","date_gmt":"2025-11-13T14:00:07","guid":{"rendered":"https:\/\/upsetefjellstove.no\/?page_id=308"},"modified":"2026-04-15T08:32:38","modified_gmt":"2026-04-15T06:32:38","slug":"aktiviteter-sommer-og-hostsesong","status":"publish","type":"page","link":"https:\/\/upsetefjellstove.no\/en\/aktiviteter-sommer-og-hostsesong\/","title":{"rendered":"Activities summer and fall season"},"content":{"rendered":"<div data-elementor-type=\"wp-page\" data-elementor-id=\"308\" class=\"elementor elementor-308\" data-elementor-post-type=\"page\">\n\t\t\t\t<div class=\"elementor-element elementor-element-7dce3fe e-flex e-con-boxed e-con e-parent\" data-id=\"7dce3fe\" data-element_type=\"container\" data-e-type=\"container\">\n\t\t\t\t\t<div class=\"e-con-inner\">\n\t\t<div class=\"elementor-element elementor-element-939ee28 e-con-full e-flex e-con e-child\" data-id=\"939ee28\" data-element_type=\"container\" data-e-type=\"container\">\n\t\t\t\t<div class=\"elementor-element elementor-element-e6eb141 elementor-widget elementor-widget-heading\" data-id=\"e6eb141\" data-element_type=\"widget\" data-e-type=\"widget\" data-widget_type=\"heading.default\">\n\t\t\t\t\t<h2 class=\"elementor-heading-title elementor-size-default\">From June 19 - October 18 \n\n\n<\/h2>\t\t\t\t<\/div>\n\t\t\t\t<div class=\"elementor-element elementor-element-63e2acb elementor-widget elementor-widget-heading\" data-id=\"63e2acb\" data-element_type=\"widget\" data-e-type=\"widget\" data-widget_type=\"heading.default\">\n\t\t\t\t\t<h2 class=\"elementor-heading-title elementor-size-default\">Mountain hiking and fishing\n\n\n<\/h2>\t\t\t\t<\/div>\n\t\t\t\t<div class=\"elementor-element elementor-element-c30b716 elementor-widget elementor-widget-text-editor\" data-id=\"c30b716\" data-element_type=\"widget\" data-e-type=\"widget\" data-widget_type=\"text-editor.default\">\n\t\t\t\t\t\t\t\t\t<div class=\"wpb_text_column wpb_content_element line-height\"><div class=\"wpb_wrapper\"><div class=\"wpb_text_column wpb_content_element line-height\"><div class=\"wpb_wrapper\"><p>Spend a few days at Upsete. There are many opportunities for hiking in valleys such as Upsetedalen, Slondalen, Ugjerdsdalen, Gangdalen and Breidalen. All with rivers and fishing lakes. Some also have fine waterfalls. There are trout in all lakes and rivers, and fishing licenses can be purchased from the landowners. There is information about fishing licenses located right by Fjellstova.<\/p><\/div><\/div><div class=\"wpb_text_column wpb_content_element line-height\"><div class=\"wpb_wrapper\"><p>It is possible to walk from Upsete to Myrdal and Fl\u00e5m through Ugjerdsdalen on an old cattle trail. There are also many summit hikes such as to Trollanut with views to Fl\u00e5m, Fossdalsskavlen,<\/p><\/div><\/div><\/div><\/div>\t\t\t\t\t\t\t\t<\/div>\n\t\t\t\t<\/div>\n\t\t<div class=\"elementor-element elementor-element-c11235c e-con-full e-flex e-con e-child\" data-id=\"c11235c\" data-element_type=\"container\" data-e-type=\"container\" data-settings=\"{&quot;background_background&quot;:&quot;classic&quot;}\">\n\t\t\t\t<\/div>\n\t\t\t\t\t<\/div>\n\t\t\t\t<\/div>\n\t\t<div class=\"elementor-element elementor-element-c61526b e-flex e-con-boxed e-con e-parent\" data-id=\"c61526b\" data-element_type=\"container\" data-e-type=\"container\" data-settings=\"{&quot;background_background&quot;:&quot;classic&quot;}\">\n\t\t\t\t\t<div class=\"e-con-inner\">\n\t\t<div class=\"elementor-element elementor-element-5154b7a e-con-full e-flex e-con e-child\" data-id=\"5154b7a\" data-element_type=\"container\" data-e-type=\"container\" data-settings=\"{&quot;background_background&quot;:&quot;classic&quot;}\">\n\t\t\t\t<div class=\"elementor-element elementor-element-bb6fde5 elementor-widget elementor-widget-spacer\" data-id=\"bb6fde5\" data-element_type=\"widget\" data-e-type=\"widget\" data-widget_type=\"spacer.default\">\n\t\t\t\t\t\t\t<div class=\"elementor-spacer\">\n\t\t\t<div class=\"elementor-spacer-inner\"><\/div>\n\t\t<\/div>\n\t\t\t\t\t\t<\/div>\n\t\t\t\t<\/div>\n\t\t<div class=\"elementor-element elementor-element-21830f9 e-con-full e-flex e-con e-child\" data-id=\"21830f9\" data-element_type=\"container\" data-e-type=\"container\">\n\t\t\t\t<div class=\"elementor-element elementor-element-5552d30 elementor-widget elementor-widget-heading\" data-id=\"5552d30\" data-element_type=\"widget\" data-e-type=\"widget\" data-widget_type=\"heading.default\">\n\t\t\t\t\t<h2 class=\"elementor-heading-title elementor-size-default\">Trails and peaks\n\n\n<\/h2>\t\t\t\t<\/div>\n\t\t\t\t<div class=\"elementor-element elementor-element-cbeac6a elementor-widget elementor-widget-text-editor\" data-id=\"cbeac6a\" data-element_type=\"widget\" data-e-type=\"widget\" data-widget_type=\"text-editor.default\">\n\t\t\t\t\t\t\t\t\t<div class=\"wpb_text_column wpb_content_element line-height\"><div class=\"wpb_wrapper\"><p>Vossaskavlen, \u00d8ykjafonn to name but a few.  There is a T-marked trail to Kaldavasshytta and on to Hallingskeid. From Kaldavatne there is also a T-marked trail to Myrdal. From Upsete there is a T-marked trail to Grindaflethytta and on to Fl\u00e5m through an area so valuable that it has been included in UNESCO's World Heritage Site by the N\u00e6r\u00f8yfjord. Some of the tours can be challenging, but many are suitable for families with children and the elderly. We are happy to help with planning the tours.<\/p><\/div><\/div>\t\t\t\t\t\t\t\t<\/div>\n\t\t\t\t<\/div>\n\t\t\t\t\t<\/div>\n\t\t\t\t<\/div>\n\t\t<div class=\"elementor-element elementor-element-cf599e1 e-flex e-con-boxed e-con e-parent\" data-id=\"cf599e1\" data-element_type=\"container\" data-e-type=\"container\">\n\t\t\t\t\t<div class=\"e-con-inner\">\n\t\t<div class=\"elementor-element elementor-element-b41e750 e-con-full e-flex e-con e-child\" data-id=\"b41e750\" data-element_type=\"container\" data-e-type=\"container\">\n\t\t\t\t<div class=\"elementor-element elementor-element-d19bf2e elementor-widget elementor-widget-heading\" data-id=\"d19bf2e\" data-element_type=\"widget\" data-e-type=\"widget\" data-widget_type=\"heading.default\">\n\t\t\t\t\t<h2 class=\"elementor-heading-title elementor-size-default\">Cycling\n\n\n<\/h2>\t\t\t\t<\/div>\n\t\t\t\t<div class=\"elementor-element elementor-element-d94f683 elementor-widget elementor-widget-text-editor\" data-id=\"d94f683\" data-element_type=\"widget\" data-e-type=\"widget\" data-widget_type=\"text-editor.default\">\n\t\t\t\t\t\t\t\t\t<div class=\"wpb_text_column wpb_content_element line-height\"><div class=\"wpb_wrapper\"><div class=\"wpb_text_column wpb_content_element line-height\"><div class=\"wpb_wrapper\"><p>In summer\/autumn, you can cycle up and down the beautiful Raundalen valley. The route takes you through scenic surroundings, past cottage villages and old farms. The last part of the trip goes from Mj\u00f8lfjell on the old Rallarvegen road up to Upsete. If you stay overnight at Fjellstova, you can choose to take the train to Myrdal and Fl\u00e5msdalen, return down Upsetedalen and Raundalen to Voss or walk over the mountain to Myrdal.<\/p><\/div><\/div><\/div><\/div>\t\t\t\t\t\t\t\t<\/div>\n\t\t\t\t<\/div>\n\t\t<div class=\"elementor-element elementor-element-84ccbe5 e-con-full e-flex e-con e-child\" data-id=\"84ccbe5\" data-element_type=\"container\" data-e-type=\"container\" data-settings=\"{&quot;background_background&quot;:&quot;classic&quot;}\">\n\t\t\t\t<\/div>\n\t\t\t\t\t<\/div>\n\t\t\t\t<\/div>\n\t\t<div class=\"elementor-element elementor-element-d560e64 e-flex e-con-boxed e-con e-parent\" data-id=\"d560e64\" data-element_type=\"container\" data-e-type=\"container\">\n\t\t\t\t\t<div class=\"e-con-inner\">\n\t\t\t\t<div class=\"elementor-element elementor-element-40e7274 elementor-widget elementor-widget-heading\" data-id=\"40e7274\" data-element_type=\"widget\" data-e-type=\"widget\" data-widget_type=\"heading.default\">\n\t\t\t\t\t<h2 class=\"elementor-heading-title elementor-size-default\">PICTURES<\/h2>\t\t\t\t<\/div>\n\t\t\t\t<div class=\"elementor-element elementor-element-76e17bc elementor-widget-divider--view-line elementor-widget elementor-widget-divider\" data-id=\"76e17bc\" data-element_type=\"widget\" data-e-type=\"widget\" data-widget_type=\"divider.default\">\n\t\t\t\t\t\t\t<div class=\"elementor-divider\">\n\t\t\t<span class=\"elementor-divider-separator\">\n\t\t\t\t\t\t<\/span>\n\t\t<\/div>\n\t\t\t\t\t\t<\/div>\n\t\t\t\t<div class=\"elementor-element elementor-element-b204850 elementor-widget elementor-widget-gallery\" data-id=\"b204850\" data-element_type=\"widget\" data-e-type=\"widget\" data-settings=\"{&quot;columns&quot;:3,&quot;lazyload&quot;:&quot;yes&quot;,&quot;gallery_layout&quot;:&quot;grid&quot;,&quot;columns_tablet&quot;:2,&quot;columns_mobile&quot;:1,&quot;gap&quot;:{&quot;unit&quot;:&quot;px&quot;,&quot;size&quot;:10,&quot;sizes&quot;:[]},&quot;gap_tablet&quot;:{&quot;unit&quot;:&quot;px&quot;,&quot;size&quot;:10,&quot;sizes&quot;:[]},&quot;gap_mobile&quot;:{&quot;unit&quot;:&quot;px&quot;,&quot;size&quot;:10,&quot;sizes&quot;:[]},&quot;link_to&quot;:&quot;file&quot;,&quot;aspect_ratio&quot;:&quot;3:2&quot;,&quot;overlay_background&quot;:&quot;yes&quot;,&quot;content_hover_animation&quot;:&quot;fade-in&quot;}\" data-widget_type=\"gallery.default\">\n\t\t\t\t\t\t\t<div class=\"elementor-gallery__container\">\n\t\t\t\t\t\t\t<a class=\"e-gallery-item elementor-gallery-item elementor-animated-content\" href=\"https:\/\/upsetefjellstove.no\/wp-content\/uploads\/2025\/11\/IMG_4401-scaled.webp\" data-elementor-open-lightbox=\"yes\" data-elementor-lightbox-slideshow=\"b204850\" data-elementor-lightbox-title=\"IMG_4401\" data-e-action-hash=\"#elementor-action%3Aaction%3Dlightbox%26settings%3DeyJpZCI6MTA3LCJ1cmwiOiJodHRwczpcL1wvdXBzZXRlZmplbGxzdG92ZS5ub1wvd3AtY29udGVudFwvdXBsb2Fkc1wvMjAyNVwvMTFcL0lNR180NDAxLXNjYWxlZC53ZWJwIiwic2xpZGVzaG93IjoiYjIwNDg1MCJ9\">\n\t\t\t\t\t<div class=\"e-gallery-image elementor-gallery-item__image\" data-thumbnail=\"https:\/\/upsetefjellstove.no\/wp-content\/uploads\/2025\/11\/IMG_4401-768x576.webp\" data-width=\"768\" data-height=\"576\" aria-label=\"\" role=\"img\" ><\/div>\n\t\t\t\t\t\t\t\t\t\t\t<div class=\"elementor-gallery-item__overlay\"><\/div>\n\t\t\t\t\t\t\t\t\t\t\t\t\t\t<\/a>\n\t\t\t\t\t\t\t<a class=\"e-gallery-item elementor-gallery-item elementor-animated-content\" href=\"https:\/\/upsetefjellstove.no\/wp-content\/uploads\/2025\/11\/IMG_4606-scaled.webp\" data-elementor-open-lightbox=\"yes\" data-elementor-lightbox-slideshow=\"b204850\" data-elementor-lightbox-title=\"IMG_4606\" data-e-action-hash=\"#elementor-action%3Aaction%3Dlightbox%26settings%3DeyJpZCI6MTA4LCJ1cmwiOiJodHRwczpcL1wvdXBzZXRlZmplbGxzdG92ZS5ub1wvd3AtY29udGVudFwvdXBsb2Fkc1wvMjAyNVwvMTFcL0lNR180NjA2LXNjYWxlZC53ZWJwIiwic2xpZGVzaG93IjoiYjIwNDg1MCJ9\">\n\t\t\t\t\t<div class=\"e-gallery-image elementor-gallery-item__image\" data-thumbnail=\"https:\/\/upsetefjellstove.no\/wp-content\/uploads\/2025\/11\/IMG_4606-768x576.webp\" data-width=\"768\" data-height=\"576\" aria-label=\"\" role=\"img\" ><\/div>\n\t\t\t\t\t\t\t\t\t\t\t<div class=\"elementor-gallery-item__overlay\"><\/div>\n\t\t\t\t\t\t\t\t\t\t\t\t\t\t<\/a>\n\t\t\t\t\t\t\t<a class=\"e-gallery-item elementor-gallery-item elementor-animated-content\" href=\"https:\/\/upsetefjellstove.no\/wp-content\/uploads\/2025\/11\/IMG_1459-scaled.webp\" data-elementor-open-lightbox=\"yes\" data-elementor-lightbox-slideshow=\"b204850\" data-elementor-lightbox-title=\"IMG_1459\" data-e-action-hash=\"#elementor-action%3Aaction%3Dlightbox%26settings%3DeyJpZCI6MTIyLCJ1cmwiOiJodHRwczpcL1wvdXBzZXRlZmplbGxzdG92ZS5ub1wvd3AtY29udGVudFwvdXBsb2Fkc1wvMjAyNVwvMTFcL0lNR18xNDU5LXNjYWxlZC53ZWJwIiwic2xpZGVzaG93IjoiYjIwNDg1MCJ9\">\n\t\t\t\t\t<div class=\"e-gallery-image elementor-gallery-item__image\" data-thumbnail=\"https:\/\/upsetefjellstove.no\/wp-content\/uploads\/2025\/11\/IMG_1459-768x1024.webp\" data-width=\"768\" data-height=\"1024\" aria-label=\"\" role=\"img\" ><\/div>\n\t\t\t\t\t\t\t\t\t\t\t<div class=\"elementor-gallery-item__overlay\"><\/div>\n\t\t\t\t\t\t\t\t\t\t\t\t\t\t<\/a>\n\t\t\t\t\t\t\t<a class=\"e-gallery-item elementor-gallery-item elementor-animated-content\" href=\"https:\/\/upsetefjellstove.no\/wp-content\/uploads\/2025\/11\/IMG_2277-scaled.webp\" data-elementor-open-lightbox=\"yes\" data-elementor-lightbox-slideshow=\"b204850\" data-elementor-lightbox-title=\"IMG_2277\" data-e-action-hash=\"#elementor-action%3Aaction%3Dlightbox%26settings%3DeyJpZCI6MTI1LCJ1cmwiOiJodHRwczpcL1wvdXBzZXRlZmplbGxzdG92ZS5ub1wvd3AtY29udGVudFwvdXBsb2Fkc1wvMjAyNVwvMTFcL0lNR18yMjc3LXNjYWxlZC53ZWJwIiwic2xpZGVzaG93IjoiYjIwNDg1MCJ9\">\n\t\t\t\t\t<div class=\"e-gallery-image elementor-gallery-item__image\" data-thumbnail=\"https:\/\/upsetefjellstove.no\/wp-content\/uploads\/2025\/11\/IMG_2277-768x1024.webp\" data-width=\"768\" data-height=\"1024\" aria-label=\"\" role=\"img\" ><\/div>\n\t\t\t\t\t\t\t\t\t\t\t<div class=\"elementor-gallery-item__overlay\"><\/div>\n\t\t\t\t\t\t\t\t\t\t\t\t\t\t<\/a>\n\t\t\t\t\t\t\t<a class=\"e-gallery-item elementor-gallery-item elementor-animated-content\" href=\"https:\/\/upsetefjellstove.no\/wp-content\/uploads\/2025\/11\/IMG_2280-scaled.webp\" data-elementor-open-lightbox=\"yes\" data-elementor-lightbox-slideshow=\"b204850\" data-elementor-lightbox-title=\"IMG_2280\" data-e-action-hash=\"#elementor-action%3Aaction%3Dlightbox%26settings%3DeyJpZCI6MTI2LCJ1cmwiOiJodHRwczpcL1wvdXBzZXRlZmplbGxzdG92ZS5ub1wvd3AtY29udGVudFwvdXBsb2Fkc1wvMjAyNVwvMTFcL0lNR18yMjgwLXNjYWxlZC53ZWJwIiwic2xpZGVzaG93IjoiYjIwNDg1MCJ9\">\n\t\t\t\t\t<div class=\"e-gallery-image elementor-gallery-item__image\" data-thumbnail=\"https:\/\/upsetefjellstove.no\/wp-content\/uploads\/2025\/11\/IMG_2280-768x576.webp\" data-width=\"768\" data-height=\"576\" aria-label=\"\" role=\"img\" ><\/div>\n\t\t\t\t\t\t\t\t\t\t\t<div class=\"elementor-gallery-item__overlay\"><\/div>\n\t\t\t\t\t\t\t\t\t\t\t\t\t\t<\/a>\n\t\t\t\t\t\t\t<a class=\"e-gallery-item elementor-gallery-item elementor-animated-content\" href=\"https:\/\/upsetefjellstove.no\/wp-content\/uploads\/2025\/11\/22791720_1427040717350536_8801430549546523257_o.webp\" data-elementor-open-lightbox=\"yes\" data-elementor-lightbox-slideshow=\"b204850\" data-elementor-lightbox-title=\"22791720_1427040717350536_8801430549546523257_o\" data-e-action-hash=\"#elementor-action%3Aaction%3Dlightbox%26settings%3DeyJpZCI6MTQ1LCJ1cmwiOiJodHRwczpcL1wvdXBzZXRlZmplbGxzdG92ZS5ub1wvd3AtY29udGVudFwvdXBsb2Fkc1wvMjAyNVwvMTFcLzIyNzkxNzIwXzE0MjcwNDA3MTczNTA1MzZfODgwMTQzMDU0OTU0NjUyMzI1N19vLndlYnAiLCJzbGlkZXNob3ciOiJiMjA0ODUwIn0%3D\">\n\t\t\t\t\t<div class=\"e-gallery-image elementor-gallery-item__image\" data-thumbnail=\"https:\/\/upsetefjellstove.no\/wp-content\/uploads\/2025\/11\/22791720_1427040717350536_8801430549546523257_o-768x768.webp\" data-width=\"768\" data-height=\"768\" aria-label=\"\" role=\"img\" ><\/div>\n\t\t\t\t\t\t\t\t\t\t\t<div class=\"elementor-gallery-item__overlay\"><\/div>\n\t\t\t\t\t\t\t\t\t\t\t\t\t\t<\/a>\n\t\t\t\t\t\t\t<a class=\"e-gallery-item elementor-gallery-item elementor-animated-content\" href=\"https:\/\/upsetefjellstove.no\/wp-content\/uploads\/2025\/11\/116876378_3039458446108747_884502967041269731_n.webp\" data-elementor-open-lightbox=\"yes\" data-elementor-lightbox-slideshow=\"b204850\" data-elementor-lightbox-title=\"116876378_3039458446108747_884502967041269731_n\" data-e-action-hash=\"#elementor-action%3Aaction%3Dlightbox%26settings%3DeyJpZCI6MTQ2LCJ1cmwiOiJodHRwczpcL1wvdXBzZXRlZmplbGxzdG92ZS5ub1wvd3AtY29udGVudFwvdXBsb2Fkc1wvMjAyNVwvMTFcLzExNjg3NjM3OF8zMDM5NDU4NDQ2MTA4NzQ3Xzg4NDUwMjk2NzA0MTI2OTczMV9uLndlYnAiLCJzbGlkZXNob3ciOiJiMjA0ODUwIn0%3D\">\n\t\t\t\t\t<div class=\"e-gallery-image elementor-gallery-item__image\" data-thumbnail=\"https:\/\/upsetefjellstove.no\/wp-content\/uploads\/2025\/11\/116876378_3039458446108747_884502967041269731_n-768x576.webp\" data-width=\"768\" data-height=\"576\" aria-label=\"\" role=\"img\" ><\/div>\n\t\t\t\t\t\t\t\t\t\t\t<div class=\"elementor-gallery-item__overlay\"><\/div>\n\t\t\t\t\t\t\t\t\t\t\t\t\t\t<\/a>\n\t\t\t\t\t\t\t<a class=\"e-gallery-item elementor-gallery-item elementor-animated-content\" href=\"https:\/\/upsetefjellstove.no\/wp-content\/uploads\/2025\/11\/221504326_4161696427218271_6880979910403652081_n.webp\" data-elementor-open-lightbox=\"yes\" data-elementor-lightbox-slideshow=\"b204850\" data-elementor-lightbox-title=\"221504326_4161696427218271_6880979910403652081_n\" data-e-action-hash=\"#elementor-action%3Aaction%3Dlightbox%26settings%3DeyJpZCI6MTQ4LCJ1cmwiOiJodHRwczpcL1wvdXBzZXRlZmplbGxzdG92ZS5ub1wvd3AtY29udGVudFwvdXBsb2Fkc1wvMjAyNVwvMTFcLzIyMTUwNDMyNl80MTYxNjk2NDI3MjE4MjcxXzY4ODA5Nzk5MTA0MDM2NTIwODFfbi53ZWJwIiwic2xpZGVzaG93IjoiYjIwNDg1MCJ9\">\n\t\t\t\t\t<div class=\"e-gallery-image elementor-gallery-item__image\" data-thumbnail=\"https:\/\/upsetefjellstove.no\/wp-content\/uploads\/2025\/11\/221504326_4161696427218271_6880979910403652081_n-768x576.webp\" data-width=\"768\" data-height=\"576\" aria-label=\"\" role=\"img\" ><\/div>\n\t\t\t\t\t\t\t\t\t\t\t<div class=\"elementor-gallery-item__overlay\"><\/div>\n\t\t\t\t\t\t\t\t\t\t\t\t\t\t<\/a>\n\t\t\t\t\t\t\t<a class=\"e-gallery-item elementor-gallery-item elementor-animated-content\" href=\"https:\/\/upsetefjellstove.no\/wp-content\/uploads\/2025\/11\/481237812_1526076781642148_1127061351786735483_n.jpg\" data-elementor-open-lightbox=\"yes\" data-elementor-lightbox-slideshow=\"b204850\" data-elementor-lightbox-title=\"481237812_1526076781642148_1127061351786735483_n\" data-e-action-hash=\"#elementor-action%3Aaction%3Dlightbox%26settings%3DeyJpZCI6Nzg4LCJ1cmwiOiJodHRwczpcL1wvdXBzZXRlZmplbGxzdG92ZS5ub1wvd3AtY29udGVudFwvdXBsb2Fkc1wvMjAyNVwvMTFcLzQ4MTIzNzgxMl8xNTI2MDc2NzgxNjQyMTQ4XzExMjcwNjEzNTE3ODY3MzU0ODNfbi5qcGciLCJzbGlkZXNob3ciOiJiMjA0ODUwIn0%3D\">\n\t\t\t\t\t<div class=\"e-gallery-image elementor-gallery-item__image\" data-thumbnail=\"https:\/\/upsetefjellstove.no\/wp-content\/uploads\/2025\/11\/481237812_1526076781642148_1127061351786735483_n-768x576.webp\" data-width=\"768\" data-height=\"576\" aria-label=\"\" role=\"img\" ><\/div>\n\t\t\t\t\t\t\t\t\t\t\t<div class=\"elementor-gallery-item__overlay\"><\/div>\n\t\t\t\t\t\t\t\t\t\t\t\t\t\t<\/a>\n\t\t\t\t\t\t\t<a class=\"e-gallery-item elementor-gallery-item elementor-animated-content\" href=\"https:\/\/upsetefjellstove.no\/wp-content\/uploads\/2025\/11\/movxnnxz8jjwdrgt7gxl.webp\" data-elementor-open-lightbox=\"yes\" data-elementor-lightbox-slideshow=\"b204850\" data-elementor-lightbox-title=\"movxnnxz8jjwdrgt7gxl\" data-e-action-hash=\"#elementor-action%3Aaction%3Dlightbox%26settings%3DeyJpZCI6MTQxLCJ1cmwiOiJodHRwczpcL1wvdXBzZXRlZmplbGxzdG92ZS5ub1wvd3AtY29udGVudFwvdXBsb2Fkc1wvMjAyNVwvMTFcL21vdnhubnh6OGpqd2RyZ3Q3Z3hsLndlYnAiLCJzbGlkZXNob3ciOiJiMjA0ODUwIn0%3D\">\n\t\t\t\t\t<div class=\"e-gallery-image elementor-gallery-item__image\" data-thumbnail=\"https:\/\/upsetefjellstove.no\/wp-content\/uploads\/2025\/11\/movxnnxz8jjwdrgt7gxl-768x512.webp\" data-width=\"768\" data-height=\"512\" aria-label=\"\" role=\"img\" ><\/div>\n\t\t\t\t\t\t\t\t\t\t\t<div class=\"elementor-gallery-item__overlay\"><\/div>\n\t\t\t\t\t\t\t\t\t\t\t\t\t\t<\/a>\n\t\t\t\t\t\t\t<a class=\"e-gallery-item elementor-gallery-item elementor-animated-content\" href=\"https:\/\/upsetefjellstove.no\/wp-content\/uploads\/2025\/11\/acymfmkr0ewchikn7yxk.webp\" data-elementor-open-lightbox=\"yes\" data-elementor-lightbox-slideshow=\"b204850\" data-elementor-lightbox-title=\"acymfmkr0ewchikn7yxk\" data-e-action-hash=\"#elementor-action%3Aaction%3Dlightbox%26settings%3DeyJpZCI6MTQ0LCJ1cmwiOiJodHRwczpcL1wvdXBzZXRlZmplbGxzdG92ZS5ub1wvd3AtY29udGVudFwvdXBsb2Fkc1wvMjAyNVwvMTFcL2FjeW1mbWtyMGV3Y2hpa243eXhrLndlYnAiLCJzbGlkZXNob3ciOiJiMjA0ODUwIn0%3D\">\n\t\t\t\t\t<div class=\"e-gallery-image elementor-gallery-item__image\" data-thumbnail=\"https:\/\/upsetefjellstove.no\/wp-content\/uploads\/2025\/11\/acymfmkr0ewchikn7yxk-768x1024.webp\" data-width=\"768\" data-height=\"1024\" aria-label=\"\" role=\"img\" ><\/div>\n\t\t\t\t\t\t\t\t\t\t\t<div class=\"elementor-gallery-item__overlay\"><\/div>\n\t\t\t\t\t\t\t\t\t\t\t\t\t\t<\/a>\n\t\t\t\t\t<\/div>\n\t\t\t\t\t<\/div>\n\t\t\t\t\t<\/div>\n\t\t\t\t<\/div>\n\t\t\t\t<\/div>","protected":false},"excerpt":{"rendered":"<p>Fra 19. juni &#8211; 18. oktober Fjellvandring og fisking Tilbring noen dager p\u00e5 Upsete. Her er mange muligheter for vandring i daler som Upsetedalen, Slondalen, Ugjerdsdalen, Gangdalen og Breidalen. Alle med elver og fiskevann. Noen ogs\u00e5 med fine fossefall. Det er \u00f8rret i alle vann og elver, og fiskekort kan kj\u00f8pes av grunneierne. Det er [&hellip;]<\/p>\n","protected":false},"author":1,"featured_media":0,"parent":0,"menu_order":0,"comment_status":"closed","ping_status":"closed","template":"","meta":{"footnotes":""},"class_list":["post-308","page","type-page","status-publish","hentry"],"_links":{"self":[{"href":"https:\/\/upsetefjellstove.no\/en\/wp-json\/wp\/v2\/pages\/308","targetHints":{"allow":["GET"]}}],"collection":[{"href":"https:\/\/upsetefjellstove.no\/en\/wp-json\/wp\/v2\/pages"}],"about":[{"href":"https:\/\/upsetefjellstove.no\/en\/wp-json\/wp\/v2\/types\/page"}],"author":[{"embeddable":true,"href":"https:\/\/upsetefjellstove.no\/en\/wp-json\/wp\/v2\/users\/1"}],"replies":[{"embeddable":true,"href":"https:\/\/upsetefjellstove.no\/en\/wp-json\/wp\/v2\/comments?post=308"}],"version-history":[{"count":11,"href":"https:\/\/upsetefjellstove.no\/en\/wp-json\/wp\/v2\/pages\/308\/revisions"}],"predecessor-version":[{"id":1360,"href":"https:\/\/upsetefjellstove.no\/en\/wp-json\/wp\/v2\/pages\/308\/revisions\/1360"}],"wp:attachment":[{"href":"https:\/\/upsetefjellstove.no\/en\/wp-json\/wp\/v2\/media?parent=308"}],"curies":[{"name":"wp","href":"https:\/\/api.w.org\/{rel}","templated":true}]}}